{"id":1071,"date":"2016-06-04T14:17:41","date_gmt":"2016-06-04T13:17:41","guid":{"rendered":"https:\/\/www.stlo.unicaen.fr\/mmi\/?page_id=1071"},"modified":"2020-11-26T21:06:49","modified_gmt":"2020-11-26T20:06:49","slug":"le-departement","status":"publish","type":"page","link":"https:\/\/www.stlo.unicaen.fr\/mmi\/le-departement\/","title":{"rendered":"Le d\u00e9partement"},"content":{"rendered":"<div id=\"pl-1071\"  class=\"panel-layout\" ><div id=\"pg-1071-0\"  class=\"panel-grid panel-has-style\" ><div class=\"siteorigin-panels-stretch panel-row-style panel-row-style-for-1071-0\" style=\"color: #ffffff;padding: 15px 0; \" data-stretch-type=\"full\" data-hascolor=\"hascolor\" data-overlay=\"true\" ><div id=\"pgc-1071-0-0\"  class=\"panel-grid-cell\" ><div id=\"panel-1071-0-0-0\" class=\"so-panel widget widget_text panel-first-child panel-last-child\" data-index=\"0\" ><div style=\"text-align: left;\" data-title-color=\"#ffffff\" data-headings-color=\"#443f3f\" class=\"panel-widget-style panel-widget-style-for-1071-0-0-0\" ><h3 class=\"widget-title\">Le d\u00e9partement MMI \u00e0 Saint-L\u00f4<\/h3>\t\t\t<div class=\"textwidget\"><p>Depuis plus de dix ans, le d\u00e9partement M\u00e9tiers de l\u2019Internet et du Multim\u00e9dia de l\u2019IUT Grand Ouest Normandie \u00e0 Saint-L\u00f4 forme des \u00e9tudiants aux m\u00e9tiers du web.<\/p>\n<\/div>\n\t\t<\/div><\/div><\/div><\/div><\/div><div id=\"pg-1071-1\"  class=\"panel-grid panel-has-style\" ><div style=\"padding: 100px 0; \" data-overlay=\"true\" class=\"panel-row-style panel-row-style-for-1071-1\" ><div id=\"pgc-1071-1-0\"  class=\"panel-grid-cell\" ><div id=\"panel-1071-1-0-0\" class=\"so-panel widget widget_sow-image panel-first-child panel-last-child\" data-index=\"1\" ><div class=\"so-widget-sow-image so-widget-sow-image-default-d6014b76747a\">\n\n<div class=\"sow-image-container\">\n\t<img src=\"https:\/\/www.stlo.unicaen.fr\/mmi\/wp-content\/uploads\/2016\/06\/PYL_3830.jpg\" width=\"600\" height=\"266\" srcset=\"https:\/\/www.stlo.unicaen.fr\/mmi\/wp-content\/uploads\/2016\/06\/PYL_3830.jpg 600w, https:\/\/www.stlo.unicaen.fr\/mmi\/wp-content\/uploads\/2016\/06\/PYL_3830-300x133.jpg 300w, https:\/\/www.stlo.unicaen.fr\/mmi\/wp-content\/uploads\/2016\/06\/PYL_3830-230x102.jpg 230w, https:\/\/www.stlo.unicaen.fr\/mmi\/wp-content\/uploads\/2016\/06\/PYL_3830-350x155.jpg 350w, https:\/\/www.stlo.unicaen.fr\/mmi\/wp-content\/uploads\/2016\/06\/PYL_3830-480x213.jpg 480w\" sizes=\"(max-width: 600px) 100vw, 600px\" alt=\"\" \t\tclass=\"so-widget-image\"\/>\n<\/div>\n\n<\/div><\/div><\/div><div id=\"pgc-1071-1-1\"  class=\"panel-grid-cell\" ><div id=\"panel-1071-1-1-0\" class=\"so-panel widget widget_sow-image panel-first-child panel-last-child\" data-index=\"2\" ><div style=\"text-align: left;\" data-title-color=\"#443f3f\" data-headings-color=\"#443f3f\" class=\"panel-widget-style panel-widget-style-for-1071-1-1-0\" ><div class=\"so-widget-sow-image so-widget-sow-image-default-d6014b76747a\">\n\n<div class=\"sow-image-container\">\n\t<img src=\"https:\/\/www.stlo.unicaen.fr\/mmi\/wp-content\/uploads\/2016\/06\/PYL_3556.png\" width=\"598\" height=\"266\" srcset=\"https:\/\/www.stlo.unicaen.fr\/mmi\/wp-content\/uploads\/2016\/06\/PYL_3556.png 598w, https:\/\/www.stlo.unicaen.fr\/mmi\/wp-content\/uploads\/2016\/06\/PYL_3556-300x133.png 300w, https:\/\/www.stlo.unicaen.fr\/mmi\/wp-content\/uploads\/2016\/06\/PYL_3556-230x102.png 230w, https:\/\/www.stlo.unicaen.fr\/mmi\/wp-content\/uploads\/2016\/06\/PYL_3556-350x156.png 350w, https:\/\/www.stlo.unicaen.fr\/mmi\/wp-content\/uploads\/2016\/06\/PYL_3556-480x214.png 480w\" sizes=\"(max-width: 598px) 100vw, 598px\" alt=\"\" \t\tclass=\"so-widget-image\"\/>\n<\/div>\n\n<\/div><\/div><\/div><\/div><\/div><\/div><div id=\"pg-1071-2\"  class=\"panel-grid panel-has-style\" ><div style=\"padding: 15px 0; \" data-overlay=\"true\" class=\"panel-row-style panel-row-style-for-1071-2\" ><div id=\"pgc-1071-2-0\"  class=\"panel-grid-cell\" ><div id=\"panel-1071-2-0-0\" class=\"so-panel widget widget_sow-image panel-first-child panel-last-child\" data-index=\"3\" ><div class=\"so-widget-sow-image so-widget-sow-image-default-d6014b76747a\">\n\n<div class=\"sow-image-container\">\n\t<img src=\"https:\/\/www.stlo.unicaen.fr\/mmi\/wp-content\/uploads\/2016\/06\/IMG_2651.jpg\" width=\"1000\" height=\"667\" srcset=\"https:\/\/www.stlo.unicaen.fr\/mmi\/wp-content\/uploads\/2016\/06\/IMG_2651.jpg 1000w, https:\/\/www.stlo.unicaen.fr\/mmi\/wp-content\/uploads\/2016\/06\/IMG_2651-300x200.jpg 300w, https:\/\/www.stlo.unicaen.fr\/mmi\/wp-content\/uploads\/2016\/06\/IMG_2651-768x512.jpg 768w, https:\/\/www.stlo.unicaen.fr\/mmi\/wp-content\/uploads\/2016\/06\/IMG_2651-830x554.jpg 830w, https:\/\/www.stlo.unicaen.fr\/mmi\/wp-content\/uploads\/2016\/06\/IMG_2651-230x153.jpg 230w, https:\/\/www.stlo.unicaen.fr\/mmi\/wp-content\/uploads\/2016\/06\/IMG_2651-350x233.jpg 350w, https:\/\/www.stlo.unicaen.fr\/mmi\/wp-content\/uploads\/2016\/06\/IMG_2651-480x320.jpg 480w, https:\/\/www.stlo.unicaen.fr\/mmi\/wp-content\/uploads\/2016\/06\/IMG_2651-272x182.jpg 272w\" sizes=\"(max-width: 1000px) 100vw, 1000px\" alt=\"\" \t\tclass=\"so-widget-image\"\/>\n<\/div>\n\n<\/div><\/div><\/div><div id=\"pgc-1071-2-1\"  class=\"panel-grid-cell\" ><div id=\"panel-1071-2-1-0\" class=\"so-panel widget widget_sow-editor panel-first-child panel-last-child\" data-index=\"4\" ><div style=\"text-align: left;\" data-title-color=\"#443f3f\" data-headings-color=\"#443f3f\" class=\"panel-widget-style panel-widget-style-for-1071-2-1-0\" ><div class=\"so-widget-sow-editor so-widget-sow-editor-base\">\n<div class=\"siteorigin-widget-tinymce textwidget\">\n\t<p>L'IUT Grand Ouest Normandie \u00e0 Saint-L\u00f4 est situ\u00e9 dans une ancienne caserne militaire. Le b\u00e2timent a \u00e9t\u00e9 totalement r\u00e9habilit\u00e9 en 2000 \u00e0 l'ouverture du d\u00e9partement et des nouveaux b\u00e2timents ont \u00e9t\u00e9 construits.<\/p>\n<p>Le d\u00e9partement MMI accueille <strong>une cinquantaine d'\u00e9tudiants en premi\u00e8re ann\u00e9e<\/strong>. L\u2019IUT dispose d\u2019un <strong>cadre calme et propice au travail<\/strong>. Son <strong>\u00e9quipe p\u00e9dagogique est compos\u00e9e de profils d\u2019horizons diff\u00e9rents<\/strong>, ce qui permet aux \u00e9tudiants de profiter de connaissances th\u00e9oriques d\u2019enseignants-chercheurs et de l\u2019exp\u00e9rience d\u2019intervenants ext\u00e9rieurs, qui leur ouvre une fen\u00eatre sur le monde du travail.<\/p>\n<p>Le d\u00e9partement MMI dispose de <strong>nombreuses salles p\u00e9dagogiques<\/strong> (un amphith\u00e9\u00e2tre, des salles de cours) et de <strong>nombreuses salles informatiques<\/strong> pour le d\u00e9veloppement Web, une salle d\u2019infographie, une salle de montage audiovisuel, une salle d\u00e9di\u00e9e au r\u00e9seau, un studio de tournage, et une salle multim\u00e9dia avec <strong>des \u00e9quipements num\u00e9riques de pointe<\/strong> (tablettes, capteurs de profondeur, scanners 3D, imprimante 3D, etc.). Le d\u00e9partement MMI dispose de <strong>mat\u00e9riels et de logiciels les plus r\u00e9cents<\/strong> pour le web et l'audiovisuel.<\/p>\n<\/div>\n<\/div><\/div><\/div><\/div><\/div><\/div><\/div>","protected":false},"excerpt":{"rendered":"<p>Depuis plus de dix ans, le d\u00e9partement M\u00e9tiers de l\u2019Internet et du Multim\u00e9dia de l\u2019IUT Grand Ouest Normandie \u00e0 Saint-L\u00f4 forme des \u00e9tudiants aux m\u00e9tiers du web.<\/p>\n","protected":false},"author":1,"featured_media":0,"parent":0,"menu_order":0,"comment_status":"closed","ping_status":"closed","template":"page-templates\/page_fullwidth.php","meta":[],"_links":{"self":[{"href":"https:\/\/www.stlo.unicaen.fr\/mmi\/wp-json\/wp\/v2\/pages\/1071"}],"collection":[{"href":"https:\/\/www.stlo.unicaen.fr\/mmi\/wp-json\/wp\/v2\/pages"}],"about":[{"href":"https:\/\/www.stlo.unicaen.fr\/mmi\/wp-json\/wp\/v2\/types\/page"}],"author":[{"embeddable":true,"href":"https:\/\/www.stlo.unicaen.fr\/mmi\/wp-json\/wp\/v2\/users\/1"}],"replies":[{"embeddable":true,"href":"https:\/\/www.stlo.unicaen.fr\/mmi\/wp-json\/wp\/v2\/comments?post=1071"}],"version-history":[{"count":24,"href":"https:\/\/www.stlo.unicaen.fr\/mmi\/wp-json\/wp\/v2\/pages\/1071\/revisions"}],"predecessor-version":[{"id":2248,"href":"https:\/\/www.stlo.unicaen.fr\/mmi\/wp-json\/wp\/v2\/pages\/1071\/revisions\/2248"}],"wp:attachment":[{"href":"https:\/\/www.stlo.unicaen.fr\/mmi\/wp-json\/wp\/v2\/media?parent=1071"}],"curies":[{"name":"wp","href":"https:\/\/api.w.org\/{rel}","templated":true}]}}