{"id":1073,"date":"2016-06-04T14:18:04","date_gmt":"2016-06-04T13:18:04","guid":{"rendered":"https:\/\/www.stlo.unicaen.fr\/mmi\/?page_id=1073"},"modified":"2024-02-10T18:57:42","modified_gmt":"2024-02-10T17:57:42","slug":"le-campus","status":"publish","type":"page","link":"https:\/\/www.stlo.unicaen.fr\/mmi\/le-campus\/","title":{"rendered":"Le campus"},"content":{"rendered":"<div id=\"pl-1073\"  class=\"panel-layout\" ><div id=\"pg-1073-0\"  class=\"panel-grid panel-has-style\" ><div class=\"siteorigin-panels-stretch panel-row-style panel-row-style-for-1073-0\" style=\"color: #ffffff;padding: 15px 0; \" data-stretch-type=\"full-stretched\" data-hascolor=\"hascolor\" data-overlay=\"true\" ><div id=\"pgc-1073-0-0\"  class=\"panel-grid-cell\" ><div id=\"panel-1073-0-0-0\" class=\"so-panel widget widget_text panel-first-child panel-last-child\" data-index=\"0\" ><h3 class=\"widget-title\">Le campus<\/h3>\t\t\t<div class=\"textwidget\"><\/div>\n\t\t<\/div><\/div><\/div><\/div><div id=\"pg-1073-1\"  class=\"panel-grid panel-has-style\" ><div style=\"padding: -10px 0; \" data-overlay=\"true\" data-overlay-color=\"#000000\" class=\"panel-row-style panel-row-style-for-1073-1\" ><div id=\"pgc-1073-1-0\"  class=\"panel-grid-cell\" ><div id=\"panel-1073-1-0-0\" class=\"so-panel widget widget_sow-button panel-first-child panel-last-child\" data-index=\"1\" ><div style=\"text-align: left;\" data-title-color=\"#443f3f\" data-headings-color=\"#443f3f\" class=\"panel-widget-style panel-widget-style-for-1073-1-0-0\" ><div class=\"so-widget-sow-button so-widget-sow-button-atom-5c9de4d82cbc\"><div class=\"ow-button-base ow-button-align-center\">\n\t<a href=\"https:\/\/www.stlo.unicaen.fr\/mmitouch\/jpo\/vr\/\" class=\"ow-icon-placement-left ow-button-hover\" target=\"_blank\" rel=\"noopener noreferrer\" \t\t>\n\t\t<span>\n\t\t\t\n\t\t\tFaites une visite virtuelle du d\u00e9partement MMI !\t\t<\/span>\n\t<\/a>\n<\/div>\n<\/div><\/div><\/div><\/div><\/div><\/div><div id=\"pg-1073-2\"  class=\"panel-grid panel-has-style\" ><div class=\"siteorigin-panels-stretch panel-row-style panel-row-style-for-1073-2\" style=\"padding: 100px 0; \" data-stretch-type=\"full\" data-overlay=\"true\" ><div id=\"pgc-1073-2-0\"  class=\"panel-grid-cell\" ><div id=\"panel-1073-2-0-0\" class=\"so-panel widget widget_sow-editor panel-first-child panel-last-child\" data-index=\"2\" ><div style=\"text-align: left;\" data-title-color=\"#443f3f\" data-headings-color=\"#443f3f\" class=\"panel-widget-style panel-widget-style-for-1073-2-0-0\" ><div class=\"so-widget-sow-editor so-widget-sow-editor-base\">\n<div class=\"siteorigin-widget-tinymce textwidget\">\n\t<h4>Le site universitaire de Saint-L\u00f4 est facile d'acc\u00e8s et regroupe plusieurs organismes de formation du sup\u00e9rieur de l'agglom\u00e9ration Saint-Loise : l'Institut Universitaire Grand Ouest Normandie, l'Institut de Formation aux Soins Infirmiers et le groupe FIM.<\/h4>\n<\/div>\n<\/div><\/div><\/div><\/div><div id=\"pgc-1073-2-1\"  class=\"panel-grid-cell\" ><div id=\"panel-1073-2-1-0\" class=\"so-panel widget widget_sow-slider panel-first-child panel-last-child\" data-index=\"3\" ><div class=\"so-widget-sow-slider so-widget-sow-slider-default-abf3e628296a\"><div class=\"sow-slider-base \" style=\"display: none\"><ul class=\"sow-slider-images\" data-settings=\"{&quot;pagination&quot;:true,&quot;speed&quot;:800,&quot;timeout&quot;:1000,&quot;paused&quot;:false,&quot;pause_on_hover&quot;:false,&quot;swipe&quot;:true,&quot;nav_always_show_mobile&quot;:&quot;&quot;,&quot;breakpoint&quot;:&quot;780px&quot;}\">\t\t<li class=\"sow-slider-image  sow-slider-image-cover\" style=\"background-image: url(https:\/\/www.stlo.unicaen.fr\/mmi\/wp-content\/uploads\/2016\/06\/PYL_3828.jpg)\" >\n\t\t\t\t\t\t\t\t\t<img width=\"600\" height=\"400\" src=\"https:\/\/www.stlo.unicaen.fr\/mmi\/wp-content\/uploads\/2016\/06\/PYL_3828.jpg\" class=\"sow-slider-background-image\" alt=\"\" loading=\"1\" srcset=\"https:\/\/www.stlo.unicaen.fr\/mmi\/wp-content\/uploads\/2016\/06\/PYL_3828.jpg 600w, https:\/\/www.stlo.unicaen.fr\/mmi\/wp-content\/uploads\/2016\/06\/PYL_3828-300x200.jpg 300w, https:\/\/www.stlo.unicaen.fr\/mmi\/wp-content\/uploads\/2016\/06\/PYL_3828-230x153.jpg 230w, https:\/\/www.stlo.unicaen.fr\/mmi\/wp-content\/uploads\/2016\/06\/PYL_3828-350x233.jpg 350w, https:\/\/www.stlo.unicaen.fr\/mmi\/wp-content\/uploads\/2016\/06\/PYL_3828-480x320.jpg 480w, https:\/\/www.stlo.unicaen.fr\/mmi\/wp-content\/uploads\/2016\/06\/PYL_3828-272x182.jpg 272w\" sizes=\"(max-width: 600px) 100vw, 600px\" \/>\t\t\t\t\t\t\t\t<\/li>\n\t\t\t\t<li class=\"sow-slider-image  sow-slider-image-cover\" style=\"background-image: url(https:\/\/www.stlo.unicaen.fr\/mmi\/wp-content\/uploads\/2016\/06\/a.png)\" >\n\t\t\t\t\t\t\t\t\t<img width=\"600\" height=\"400\" src=\"https:\/\/www.stlo.unicaen.fr\/mmi\/wp-content\/uploads\/2016\/06\/a.png\" class=\"sow-slider-background-image\" alt=\"\" loading=\"1\" srcset=\"https:\/\/www.stlo.unicaen.fr\/mmi\/wp-content\/uploads\/2016\/06\/a.png 600w, https:\/\/www.stlo.unicaen.fr\/mmi\/wp-content\/uploads\/2016\/06\/a-300x200.png 300w, https:\/\/www.stlo.unicaen.fr\/mmi\/wp-content\/uploads\/2016\/06\/a-230x153.png 230w, https:\/\/www.stlo.unicaen.fr\/mmi\/wp-content\/uploads\/2016\/06\/a-350x233.png 350w, https:\/\/www.stlo.unicaen.fr\/mmi\/wp-content\/uploads\/2016\/06\/a-480x320.png 480w, https:\/\/www.stlo.unicaen.fr\/mmi\/wp-content\/uploads\/2016\/06\/a-272x182.png 272w\" sizes=\"(max-width: 600px) 100vw, 600px\" \/>\t\t\t\t\t\t\t\t<\/li>\n\t\t\t\t<li class=\"sow-slider-image  sow-slider-image-cover\" style=\"background-image: url(https:\/\/www.stlo.unicaen.fr\/mmi\/wp-content\/uploads\/2016\/06\/MLV8437_DxO.jpg)\" >\n\t\t\t\t\t\t\t\t\t<img width=\"600\" height=\"400\" src=\"https:\/\/www.stlo.unicaen.fr\/mmi\/wp-content\/uploads\/2016\/06\/MLV8437_DxO.jpg\" class=\"sow-slider-background-image\" alt=\"\" loading=\"1\" srcset=\"https:\/\/www.stlo.unicaen.fr\/mmi\/wp-content\/uploads\/2016\/06\/MLV8437_DxO.jpg 600w, https:\/\/www.stlo.unicaen.fr\/mmi\/wp-content\/uploads\/2016\/06\/MLV8437_DxO-300x200.jpg 300w, https:\/\/www.stlo.unicaen.fr\/mmi\/wp-content\/uploads\/2016\/06\/MLV8437_DxO-230x153.jpg 230w, https:\/\/www.stlo.unicaen.fr\/mmi\/wp-content\/uploads\/2016\/06\/MLV8437_DxO-350x233.jpg 350w, https:\/\/www.stlo.unicaen.fr\/mmi\/wp-content\/uploads\/2016\/06\/MLV8437_DxO-480x320.jpg 480w, https:\/\/www.stlo.unicaen.fr\/mmi\/wp-content\/uploads\/2016\/06\/MLV8437_DxO-272x182.jpg 272w\" sizes=\"(max-width: 600px) 100vw, 600px\" \/>\t\t\t\t\t\t\t\t<\/li>\n\t\t\t\t<li class=\"sow-slider-image  sow-slider-image-cover\" style=\"background-image: url(https:\/\/www.stlo.unicaen.fr\/mmi\/wp-content\/uploads\/2016\/06\/MLV8439_DxO.jpg)\" >\n\t\t\t\t\t\t\t\t\t<img width=\"600\" height=\"400\" src=\"https:\/\/www.stlo.unicaen.fr\/mmi\/wp-content\/uploads\/2016\/06\/MLV8439_DxO.jpg\" class=\"sow-slider-background-image\" alt=\"\" loading=\"1\" srcset=\"https:\/\/www.stlo.unicaen.fr\/mmi\/wp-content\/uploads\/2016\/06\/MLV8439_DxO.jpg 600w, https:\/\/www.stlo.unicaen.fr\/mmi\/wp-content\/uploads\/2016\/06\/MLV8439_DxO-300x200.jpg 300w, https:\/\/www.stlo.unicaen.fr\/mmi\/wp-content\/uploads\/2016\/06\/MLV8439_DxO-230x153.jpg 230w, https:\/\/www.stlo.unicaen.fr\/mmi\/wp-content\/uploads\/2016\/06\/MLV8439_DxO-350x233.jpg 350w, https:\/\/www.stlo.unicaen.fr\/mmi\/wp-content\/uploads\/2016\/06\/MLV8439_DxO-480x320.jpg 480w, https:\/\/www.stlo.unicaen.fr\/mmi\/wp-content\/uploads\/2016\/06\/MLV8439_DxO-272x182.jpg 272w\" sizes=\"(max-width: 600px) 100vw, 600px\" \/>\t\t\t\t\t\t\t\t<\/li>\n\t\t<\/ul>\t\t\t\t<ol class=\"sow-slider-pagination\">\n\t\t\t\t\t\t\t\t\t\t\t<li><a href=\"#\" data-goto=\"0\" aria-label=\"afficher la diapositive 1\"><\/a><\/li>\n\t\t\t\t\t\t\t\t\t\t\t<li><a href=\"#\" data-goto=\"1\" aria-label=\"afficher la diapositive 2\"><\/a><\/li>\n\t\t\t\t\t\t\t\t\t\t\t<li><a href=\"#\" data-goto=\"2\" aria-label=\"afficher la diapositive 3\"><\/a><\/li>\n\t\t\t\t\t\t\t\t\t\t\t<li><a href=\"#\" data-goto=\"3\" aria-label=\"afficher la diapositive 4\"><\/a><\/li>\n\t\t\t\t\t\t\t\t\t<\/ol>\n\n\t\t\t\t<div class=\"sow-slide-nav sow-slide-nav-next\">\n\t\t\t\t\t<a href=\"#\" data-goto=\"next\" aria-label=\"diapositive suivante\" data-action=\"next\">\n\t\t\t\t\t\t<em class=\"sow-sld-icon-thin-right\"><\/em>\n\t\t\t\t\t<\/a>\n\t\t\t\t<\/div>\n\n\t\t\t\t<div class=\"sow-slide-nav sow-slide-nav-prev\">\n\t\t\t\t\t<a href=\"#\" data-goto=\"previous\" aria-label=\"diapositive pr\u00e9c\u00e9dente\" data-action=\"prev\">\n\t\t\t\t\t\t<em class=\"sow-sld-icon-thin-left\"><\/em>\n\t\t\t\t\t<\/a>\n\t\t\t\t<\/div>\n\t\t\t\t<\/div><\/div><\/div><\/div><\/div><\/div><\/div>","protected":false},"excerpt":{"rendered":"<p>Le campus Faites une visite virtuelle du d\u00e9partement MMI ! Le site universitaire de Saint-L\u00f4 est facile d&rsquo;acc\u00e8s et regroupe plusieurs organismes de formation du sup\u00e9rieur de l&rsquo;agglom\u00e9ration Saint-Loise : l&rsquo;Institut Universitaire Grand Ouest Normandie, l&rsquo;Institut de Formation aux Soins Infirmiers et le groupe FIM.<\/p>\n","protected":false},"author":1,"featured_media":0,"parent":0,"menu_order":0,"comment_status":"closed","ping_status":"closed","template":"page-templates\/page_fullwidth.php","meta":[],"_links":{"self":[{"href":"https:\/\/www.stlo.unicaen.fr\/mmi\/wp-json\/wp\/v2\/pages\/1073"}],"collection":[{"href":"https:\/\/www.stlo.unicaen.fr\/mmi\/wp-json\/wp\/v2\/pages"}],"about":[{"href":"https:\/\/www.stlo.unicaen.fr\/mmi\/wp-json\/wp\/v2\/types\/page"}],"author":[{"embeddable":true,"href":"https:\/\/www.stlo.unicaen.fr\/mmi\/wp-json\/wp\/v2\/users\/1"}],"replies":[{"embeddable":true,"href":"https:\/\/www.stlo.unicaen.fr\/mmi\/wp-json\/wp\/v2\/comments?post=1073"}],"version-history":[{"count":34,"href":"https:\/\/www.stlo.unicaen.fr\/mmi\/wp-json\/wp\/v2\/pages\/1073\/revisions"}],"predecessor-version":[{"id":2500,"href":"https:\/\/www.stlo.unicaen.fr\/mmi\/wp-json\/wp\/v2\/pages\/1073\/revisions\/2500"}],"wp:attachment":[{"href":"https:\/\/www.stlo.unicaen.fr\/mmi\/wp-json\/wp\/v2\/media?parent=1073"}],"curies":[{"name":"wp","href":"https:\/\/api.w.org\/{rel}","templated":true}]}}