{"id":1075,"date":"2016-06-04T14:21:10","date_gmt":"2016-06-04T13:21:10","guid":{"rendered":"https:\/\/www.stlo.unicaen.fr\/mmi\/?page_id=1075"},"modified":"2024-02-02T19:03:27","modified_gmt":"2024-02-02T18:03:27","slug":"sinscrire","status":"publish","type":"page","link":"https:\/\/www.stlo.unicaen.fr\/mmi\/sinscrire\/","title":{"rendered":"Postuler"},"content":{"rendered":"<div id=\"pl-1075\"  class=\"panel-layout\" ><div id=\"pg-1075-0\"  class=\"panel-grid panel-has-style\" ><div class=\"siteorigin-panels-stretch panel-row-style panel-row-style-for-1075-0\" style=\"color: #ffffff;padding: 15px 0; \" data-stretch-type=\"full-stretched\" data-hascolor=\"hascolor\" data-overlay=\"true\" ><div id=\"pgc-1075-0-0\"  class=\"panel-grid-cell\" ><div id=\"panel-1075-0-0-0\" class=\"so-panel widget widget_sow-editor panel-first-child panel-last-child\" data-index=\"0\" ><div style=\"text-align: left;\" data-title-color=\"#ffffff\" data-headings-color=\"#443f3f\" class=\"panel-widget-style panel-widget-style-for-1075-0-0-0\" ><div class=\"so-widget-sow-editor so-widget-sow-editor-base\"><h3 class=\"widget-title\">Vous souhaitez postuler pour vous inscrire en MMI ?<\/h3>\n<div class=\"siteorigin-widget-tinymce textwidget\">\n\t<\/div>\n<\/div><\/div><\/div><\/div><\/div><\/div><div id=\"pg-1075-1\"  class=\"panel-grid panel-has-style\" ><div style=\"padding: 5px 0; \" data-overlay=\"true\" class=\"panel-row-style panel-row-style-for-1075-1\" ><div id=\"pgc-1075-1-0\"  class=\"panel-grid-cell\" ><div id=\"panel-1075-1-0-0\" class=\"so-panel widget widget_siteorigin-panels-builder panel-first-child\" data-index=\"1\" ><div style=\"text-align: left;\" data-title-color=\"#443f3f\" data-headings-color=\"#443f3f\" class=\"panel-widget-style panel-widget-style-for-1075-1-0-0\" ><div id=\"pl-w657844ee1bcab\"  class=\"panel-layout\" ><div id=\"pg-w657844ee1bcab-0\"  class=\"panel-grid panel-has-style\" ><div style=\"padding: 0px 0; \" data-overlay=\"true\" class=\"panel-row-style panel-row-style-for-w657844ee1bcab-0\" ><div id=\"pgc-w657844ee1bcab-0-0\"  class=\"panel-grid-cell\" ><div id=\"panel-w657844ee1bcab-0-0-0\" class=\"so-panel widget widget_sow-editor panel-first-child panel-last-child\" data-index=\"0\" ><div style=\"text-align: left;\" data-title-color=\"#443f3f\" data-headings-color=\"#443f3f\" class=\"panel-widget-style panel-widget-style-for-w657844ee1bcab-0-0-0\" ><div class=\"so-widget-sow-editor so-widget-sow-editor-base\"><h3 class=\"widget-title\">Une formation s\u00e9lective<\/h3>\n<div class=\"siteorigin-widget-tinymce textwidget\">\n\t<p>L'acc\u00e8s \u00e0 la formation MMI se fait par dossier, comme pour toute formation post-bac des Instituts Universitaires de Technologie. La particularit\u00e9 de la formation MMI est de prendre tous bacs \u00e0 l'entr\u00e9e.<\/p>\n<p>La s\u00e9lection des candidats s'effectue \u00e0 partir des r\u00e9sultats scolaires mais sont \u00e9galement pris en compte l'attitude, la motivation, l'int\u00e9r\u00eat pour les technologies num\u00e9riques et le projet professionnel.<\/p>\n<\/div>\n<\/div><\/div><\/div><\/div><div id=\"pgc-w657844ee1bcab-0-1\"  class=\"panel-grid-cell\" ><div id=\"panel-w657844ee1bcab-0-1-0\" class=\"so-panel widget widget_sydney_facts sydney_facts_widget panel-first-child\" data-index=\"1\" ><div style=\"text-align: left;\" data-title-color=\"#443f3f\" data-headings-color=\"#443f3f\" class=\"panel-widget-style panel-widget-style-for-w657844ee1bcab-0-1-0\" >\r\n\t\t\r\n\t\t\t\t<div class=\"col-md-3 col-sm-3\">\r\n\t\t\t<div class=\"roll-counter\">\r\n\t\t\t\t<i class=\"fa \"><\/i>\r\n\t\t\t\t<div class=\"name-count\">Nombre de candidatures<\/div>\r\n\t\t\t\t<div class=\"numb-count\" data-from=\"0\" data-to=\"1200\" data-speed=\"2000\" data-waypoint-active=\"yes\">1200<\/div>\r\n\t\t\t<\/div>\r\n\t\t<\/div>\r\n\t\t\t\t\t\t\t\t\r\n\t<\/div><\/div><div id=\"panel-w657844ee1bcab-0-1-1\" class=\"so-panel widget widget_sydney_facts sydney_facts_widget panel-last-child\" data-index=\"2\" ><div style=\"text-align: left;\" data-title-color=\"#443f3f\" data-headings-color=\"#443f3f\" class=\"panel-widget-style panel-widget-style-for-w657844ee1bcab-0-1-1\" >\r\n\t\t\r\n\t\t\t\t<div class=\"col-md-3 col-sm-3\">\r\n\t\t\t<div class=\"roll-counter\">\r\n\t\t\t\t<i class=\"fa \"><\/i>\r\n\t\t\t\t<div class=\"name-count\">Nombre de candidats retenus<\/div>\r\n\t\t\t\t<div class=\"numb-count\" data-from=\"0\" data-to=\"42\" data-speed=\"2000\" data-waypoint-active=\"yes\">42<\/div>\r\n\t\t\t<\/div>\r\n\t\t<\/div>\r\n\t\t\t\t\t\t\t\t\r\n\t<\/div><\/div><\/div><\/div><\/div><\/div><\/div><\/div><div id=\"panel-1075-1-0-1\" class=\"so-panel widget widget_sow-button panel-last-child\" data-index=\"2\" ><div class=\"so-widget-sow-button so-widget-sow-button-flat-da712bdb50d9\"><div class=\"ow-button-base ow-button-align-center\">\n\t<a href=\"https:\/\/www.stlo.unicaen.fr\/mmi\/parcours-sup\/\" class=\"ow-icon-placement-left ow-button-hover\" \t\t>\n\t\t<span>\n\t\t\t\n\t\t\tPour postuler, c'est par ici\t\t<\/span>\n\t<\/a>\n<\/div>\n<\/div><\/div><\/div><div id=\"pgc-1075-1-1\"  class=\"panel-grid-cell\" ><div id=\"panel-1075-1-1-0\" class=\"so-panel widget widget_text panel-first-child\" data-index=\"3\" ><div style=\"text-align: left;\" data-title-color=\"#443f3f\" data-headings-color=\"#443f3f\" class=\"panel-widget-style panel-widget-style-for-1075-1-1-0\" ><h3 class=\"widget-title\">La promotion MMI<\/h3>\t\t\t<div class=\"textwidget\">Notre formation est ouverte \u00e0 tous profils d'\u00e9tudiants, nos \u00e9tudiants de premi\u00e8re ann\u00e9e proviennent de diff\u00e9rents bacs\n<div id=\"visualizer-2488-811803506\"class=\"visualizer-front  visualizer-front-2488\"><\/div><!-- Not showing structured data for chart 2488 because title is empty -->\n\nLes bacs g\u00e9n\u00e9raux ont choisi les options suivantes :\n<div id=\"visualizer-2481-85602131\"class=\"visualizer-front  visualizer-front-2481\"><\/div><!-- Not showing structured data for chart 2481 because title is empty -->\n\nLes provenances des \u00e9tudiants sont vari\u00e9es en termes g\u00e9ographiques :\n<div id=\"visualizer-2451-906470642\"class=\"visualizer-front  visualizer-front-2451\"><\/div><!-- Not showing structured data for chart 2451 because title is empty --><\/div>\n\t\t<\/div><\/div><div id=\"panel-1075-1-1-1\" class=\"so-panel widget widget_sow-editor panel-last-child\" data-index=\"4\" ><div style=\"text-align: left;\" data-title-color=\"#443f3f\" data-headings-color=\"#443f3f\" class=\"panel-widget-style panel-widget-style-for-1075-1-1-1\" ><div class=\"so-widget-sow-editor so-widget-sow-editor-base\">\n<div class=\"siteorigin-widget-tinymce textwidget\">\n\t<\/div>\n<\/div><\/div><\/div><\/div><\/div><\/div><\/div>","protected":false},"excerpt":{"rendered":"<p>Notre formation est ouverte \u00e0 tous profils d&rsquo;\u00e9tudiants, nos \u00e9tudiants de premi\u00e8re ann\u00e9e proviennent de diff\u00e9rents bacs Les bacs g\u00e9n\u00e9raux ont choisi les options suivantes : Les provenances des \u00e9tudiants sont vari\u00e9es en termes g\u00e9ographiques :<\/p>\n","protected":false},"author":1,"featured_media":0,"parent":0,"menu_order":0,"comment_status":"closed","ping_status":"closed","template":"page-templates\/page_fullwidth.php","meta":[],"_links":{"self":[{"href":"https:\/\/www.stlo.unicaen.fr\/mmi\/wp-json\/wp\/v2\/pages\/1075"}],"collection":[{"href":"https:\/\/www.stlo.unicaen.fr\/mmi\/wp-json\/wp\/v2\/pages"}],"about":[{"href":"https:\/\/www.stlo.unicaen.fr\/mmi\/wp-json\/wp\/v2\/types\/page"}],"author":[{"embeddable":true,"href":"https:\/\/www.stlo.unicaen.fr\/mmi\/wp-json\/wp\/v2\/users\/1"}],"replies":[{"embeddable":true,"href":"https:\/\/www.stlo.unicaen.fr\/mmi\/wp-json\/wp\/v2\/comments?post=1075"}],"version-history":[{"count":42,"href":"https:\/\/www.stlo.unicaen.fr\/mmi\/wp-json\/wp\/v2\/pages\/1075\/revisions"}],"predecessor-version":[{"id":2491,"href":"https:\/\/www.stlo.unicaen.fr\/mmi\/wp-json\/wp\/v2\/pages\/1075\/revisions\/2491"}],"wp:attachment":[{"href":"https:\/\/www.stlo.unicaen.fr\/mmi\/wp-json\/wp\/v2\/media?parent=1075"}],"curies":[{"name":"wp","href":"https:\/\/api.w.org\/{rel}","templated":true}]}}