{"id":1092,"date":"2016-06-04T14:26:08","date_gmt":"2016-06-04T13:26:08","guid":{"rendered":"https:\/\/www.stlo.unicaen.fr\/mmi\/?page_id=1092"},"modified":"2023-12-12T12:34:56","modified_gmt":"2023-12-12T11:34:56","slug":"poursuite-detudes","status":"publish","type":"page","link":"https:\/\/www.stlo.unicaen.fr\/mmi\/poursuite-detudes\/","title":{"rendered":"Poursuite d&rsquo;\u00e9tudes"},"content":{"rendered":"<div id=\"pl-1092\"  class=\"panel-layout\" ><div id=\"pg-1092-0\"  class=\"panel-grid panel-has-style\" ><div class=\"siteorigin-panels-stretch panel-row-style panel-row-style-for-1092-0\" style=\"color: #ffffff;padding: 25px 0; \" data-stretch-type=\"full\" data-hascolor=\"hascolor\" data-overlay=\"true\" ><div id=\"pgc-1092-0-0\"  class=\"panel-grid-cell\" ><div id=\"panel-1092-0-0-0\" class=\"so-panel widget widget_sow-editor panel-first-child panel-last-child\" data-index=\"0\" ><div class=\"panel-widget-style panel-widget-style-for-1092-0-0-0\" ><div class=\"so-widget-sow-editor so-widget-sow-editor-base\"><h3 class=\"widget-title\">De nombreuses possibilit\u00e9s de poursuites d\u2019\u00e9tudes<\/h3>\n<div class=\"siteorigin-widget-tinymce textwidget\">\n\t\n<div class=\"textwidget\">La formation M\u00e9tiers du Multim\u00e9dia et de l'Internet permet \u00e0 la fois d'int\u00e9grer directement le monde du travail (dans les m\u00e9tiers du web accessibles avec MMI) et de continuer ses \u00e9tudes.<\/p>\n<p>Les offres de poursuite d'\u00e9tudes sont nombreuses et vari\u00e9es et les \u00e9tudiants issus de MMI de l'IUT de Saint-L\u00f4 sont appr\u00e9ci\u00e9s et reconnus.<\/p><\/div>\n<\/div>\n<\/div><\/div><\/div><\/div><\/div><\/div><div id=\"pg-1092-1\"  class=\"panel-grid panel-has-style\" ><div class=\"siteorigin-panels-stretch panel-row-style panel-row-style-for-1092-1\" style=\"color: #ffffff;padding: 100px 0; \" data-stretch-type=\"full-stretched\" data-hascolor=\"hascolor\" data-overlay=\"true\" ><div id=\"pgc-1092-1-0\"  class=\"panel-grid-cell\" ><div id=\"panel-1092-1-0-0\" class=\"so-panel widget widget_sow-image panel-first-child panel-last-child\" data-index=\"1\" ><div class=\"so-widget-sow-image so-widget-sow-image-default-d6014b76747a\">\n\n<div class=\"sow-image-container\">\n\t<img src=\"https:\/\/www.stlo.unicaen.fr\/mmi\/wp-content\/uploads\/2016\/06\/IMG_2549-1024x576.jpg\" width=\"1024\" height=\"576\" srcset=\"https:\/\/www.stlo.unicaen.fr\/mmi\/wp-content\/uploads\/2016\/06\/IMG_2549-1024x576.jpg 1024w, https:\/\/www.stlo.unicaen.fr\/mmi\/wp-content\/uploads\/2016\/06\/IMG_2549-1024x576-300x169.jpg 300w, https:\/\/www.stlo.unicaen.fr\/mmi\/wp-content\/uploads\/2016\/06\/IMG_2549-1024x576-768x432.jpg 768w, https:\/\/www.stlo.unicaen.fr\/mmi\/wp-content\/uploads\/2016\/06\/IMG_2549-1024x576-830x467.jpg 830w, https:\/\/www.stlo.unicaen.fr\/mmi\/wp-content\/uploads\/2016\/06\/IMG_2549-1024x576-230x129.jpg 230w, https:\/\/www.stlo.unicaen.fr\/mmi\/wp-content\/uploads\/2016\/06\/IMG_2549-1024x576-350x197.jpg 350w, https:\/\/www.stlo.unicaen.fr\/mmi\/wp-content\/uploads\/2016\/06\/IMG_2549-1024x576-480x270.jpg 480w\" sizes=\"(max-width: 1024px) 100vw, 1024px\" alt=\"\" \t\tclass=\"so-widget-image\"\/>\n<\/div>\n\n<\/div><\/div><\/div><div id=\"pgc-1092-1-1\"  class=\"panel-grid-cell\" ><div id=\"panel-1092-1-1-0\" class=\"so-panel widget widget_siteorigin-panels-builder panel-first-child panel-last-child\" data-index=\"2\" ><div id=\"pl-w69e18d4d81ccf\"  class=\"panel-layout\" ><div id=\"pg-w69e18d4d81ccf-0\"  class=\"panel-grid panel-has-style\" ><div style=\"padding: 0px 0; \" data-overlay=\"true\" class=\"panel-row-style panel-row-style-for-w69e18d4d81ccf-0\" ><div id=\"pgc-w69e18d4d81ccf-0-0\"  class=\"panel-grid-cell\" ><div id=\"panel-w69e18d4d81ccf-0-0-0\" class=\"so-panel widget widget_sow-editor panel-first-child panel-last-child\" data-index=\"0\" ><div class=\"so-widget-sow-editor so-widget-sow-editor-base\">\n<div class=\"siteorigin-widget-tinymce textwidget\">\n\t<ul style=\"list-style-type: circle;padding-left:10px;\">\n<li><strong>Licences professionnelles<\/strong> (informatique, multim\u00e9dia, d\u00e9veloppement web, communication, e-commerce, gestion de communaut\u00e9s, graphisme, webdesign, audiovisuel, ...)<\/li>\n<li><strong>Licences g\u00e9n\u00e9rales<\/strong>&nbsp;(information et communication, informatique, multim\u00e9dia et arts num\u00e9riques, ...)<\/li>\n<li><strong>\u00c9coles d'ing\u00e9nieurs<\/strong>&nbsp;(informatique, r\u00e9seaux, t\u00e9l\u00e9communication, ... - ENSICAEN, IFSIC, SupInfo, ENSAM, ISTIA, PolyTech, Epita)<\/li>\n<li><strong>\u00c9coles multim\u00e9dia<\/strong>&nbsp;(m\u00e9tiers de l'internet, cr\u00e9ation num\u00e9rique, communication et industrie graphique, ... - IMAC, HETIC, ESMA, Sup2Pub, Ing\u00e9media, EffiCom, IMIE, Digital Campus)<\/li>\n<\/ul>\n<\/div>\n<\/div><\/div><\/div><\/div><\/div><\/div><\/div><\/div><div id=\"pgc-1092-1-2\"  class=\"panel-grid-cell\" ><div id=\"panel-1092-1-2-0\" class=\"so-panel widget widget_sydney_facts sydney_facts_widget panel-first-child panel-last-child\" data-index=\"3\" ><div style=\"text-align: left;\" data-title-color=\"#443f3f\" data-headings-color=\"#443f3f\" class=\"panel-widget-style panel-widget-style-for-1092-1-2-0\" >\r\n\t\t\r\n\t\t\t\t<div class=\"col-md-3 col-sm-3\">\r\n\t\t\t<div class=\"roll-counter\">\r\n\t\t\t\t<i class=\"fa fa-graduation-cap\"><\/i>\r\n\t\t\t\t<div class=\"name-count\">Taux de r\u00e9ussite enMMI<\/div>\r\n\t\t\t\t<div class=\"numb-count\" data-from=\"0\" data-to=\"90\" data-speed=\"2000\" data-waypoint-active=\"yes\">90<\/div>\r\n\t\t\t<\/div>\r\n\t\t<\/div>\r\n\t\t\t\t\t\t<div class=\"col-md-3 col-sm-3\">\r\n\t\t\t<div class=\"roll-counter\">\r\n\t\t\t\t<i class=\"fa fa-road\"><\/i>\r\n\t\t\t\t<div class=\"name-count\">Taux de poursuite d&#039;\u00e9tudes apr\u00e8s MMI<\/div>\r\n\t\t\t\t<div class=\"numb-count\" data-from=\"0\" data-to=\"80\" data-speed=\"2000\" data-waypoint-active=\"yes\">80<\/div>\r\n\t\t\t<\/div>\r\n\t\t<\/div>\r\n\t\t\t\t\t\t\r\n\t<\/div><\/div><\/div><\/div><\/div><div id=\"pg-1092-2\"  class=\"panel-grid panel-has-style\" ><div style=\"padding: 100px 0; \" data-overlay=\"true\" class=\"panel-row-style panel-row-style-for-1092-2\" ><div id=\"pgc-1092-2-0\"  class=\"panel-grid-cell\" ><div id=\"panel-1092-2-0-0\" class=\"so-panel widget widget_sow-editor panel-first-child panel-last-child\" data-index=\"4\" ><div class=\"so-widget-sow-editor so-widget-sow-editor-base\">\n<div class=\"siteorigin-widget-tinymce textwidget\">\n\t<\/div>\n<\/div><\/div><\/div><\/div><\/div><\/div>","protected":false},"excerpt":{"rendered":"<p>La formation M\u00e9tiers du Multim\u00e9dia et de l&rsquo;Internet permet \u00e0 la fois d&rsquo;int\u00e9grer directement le monde du travail (dans les m\u00e9tiers du web accessibles avec MMI) et de continuer ses \u00e9tudes. Les offres de poursuite d&rsquo;\u00e9tudes sont nombreuses et vari\u00e9es et les \u00e9tudiants issus de MMI de l&rsquo;IUT de Saint-L\u00f4 sont appr\u00e9ci\u00e9s et reconnus.<\/p>\n","protected":false},"author":1,"featured_media":0,"parent":0,"menu_order":0,"comment_status":"closed","ping_status":"closed","template":"page-templates\/page_fullwidth.php","meta":[],"_links":{"self":[{"href":"https:\/\/www.stlo.unicaen.fr\/mmi\/wp-json\/wp\/v2\/pages\/1092"}],"collection":[{"href":"https:\/\/www.stlo.unicaen.fr\/mmi\/wp-json\/wp\/v2\/pages"}],"about":[{"href":"https:\/\/www.stlo.unicaen.fr\/mmi\/wp-json\/wp\/v2\/types\/page"}],"author":[{"embeddable":true,"href":"https:\/\/www.stlo.unicaen.fr\/mmi\/wp-json\/wp\/v2\/users\/1"}],"replies":[{"embeddable":true,"href":"https:\/\/www.stlo.unicaen.fr\/mmi\/wp-json\/wp\/v2\/comments?post=1092"}],"version-history":[{"count":28,"href":"https:\/\/www.stlo.unicaen.fr\/mmi\/wp-json\/wp\/v2\/pages\/1092\/revisions"}],"predecessor-version":[{"id":2448,"href":"https:\/\/www.stlo.unicaen.fr\/mmi\/wp-json\/wp\/v2\/pages\/1092\/revisions\/2448"}],"wp:attachment":[{"href":"https:\/\/www.stlo.unicaen.fr\/mmi\/wp-json\/wp\/v2\/media?parent=1092"}],"curies":[{"name":"wp","href":"https:\/\/api.w.org\/{rel}","templated":true}]}}