{"id":1103,"date":"2016-06-04T14:27:16","date_gmt":"2016-06-04T13:27:16","guid":{"rendered":"https:\/\/www.stlo.unicaen.fr\/mmi\/?page_id=1103"},"modified":"2021-04-12T18:22:24","modified_gmt":"2021-04-12T17:22:24","slug":"sport-culture","status":"publish","type":"page","link":"https:\/\/www.stlo.unicaen.fr\/mmi\/sport-culture\/","title":{"rendered":"Vie \u00c9tudiante"},"content":{"rendered":"<div id=\"pl-1103\"  class=\"panel-layout\" ><div id=\"pg-1103-0\"  class=\"panel-grid panel-has-style\" ><div class=\"siteorigin-panels-stretch panel-row-style panel-row-style-for-1103-0\" style=\"color: #ffffff;padding: 15px 0; \" data-stretch-type=\"full-stretched\" data-hascolor=\"hascolor\" data-overlay=\"true\" ><div id=\"pgc-1103-0-0\"  class=\"panel-grid-cell\" ><div id=\"panel-1103-0-0-0\" class=\"so-panel widget widget_text panel-first-child panel-last-child\" data-index=\"0\" ><h3 class=\"widget-title\">La vie \u00e9tudiante<\/h3>\t\t\t<div class=\"textwidget\"><\/div>\n\t\t<\/div><\/div><\/div><\/div><div id=\"pg-1103-1\"  class=\"panel-grid panel-has-style\" ><div class=\"siteorigin-panels-stretch panel-row-style panel-row-style-for-1103-1\" style=\"padding: 5px 0; \" data-stretch-type=\"full\" data-overlay=\"true\" ><div id=\"pgc-1103-1-0\"  class=\"panel-grid-cell\" ><div id=\"panel-1103-1-0-0\" class=\"so-panel widget widget_sow-editor panel-first-child panel-last-child\" data-index=\"1\" ><div style=\"text-align: left;\" data-title-color=\"#443f3f\" data-headings-color=\"#443f3f\" class=\"panel-widget-style panel-widget-style-for-1103-1-0-0\" ><div class=\"so-widget-sow-editor so-widget-sow-editor-base\">\n<div class=\"siteorigin-widget-tinymce textwidget\">\n\t<p>La ville de Saint-L\u00f4 offre aux \u00e9tudiants une <strong>qualit\u00e9 de vie de tout premier plan<\/strong>. Le\u00a0<a href=\"http:\/\/www.saint-lo-agglo.fr\/etudiants\"><strong>Bureau Information Etudiant<\/strong><\/a> permet aux \u00e9tudiants de se renseigner sur la vie \u00e9tudiante \u00e0 Saint-L\u00f4 (activit\u00e9s culturelles et sportives, jobs \u00e9tudiants, mutuelles \u00e9tudiantes, h\u00e9bergement, restauration, ...). Tous les ans en Septembre, Saint-L\u00f4 Agglo organise un \"<strong>Raid urbain \u00e9tudiant<\/strong>\" destin\u00e9 \u00e0 vous faire conna\u00eetre ce nouvel environnement universitaire.<\/p>\n<p><b>O\u00f9 trouver un logement ? <\/b><\/p>\n<div class=\"page\" title=\"Page 3\">\n<div class=\"layoutArea\">\n<div class=\"column\">\n<p>Le <a href=\"http:\/\/www.cllaj-saint-lo.fr\">CLLAJ<\/a> (Comit\u00e9 Local pour\u00a0le Logement Autonome des Jeunes) est une association qui accueille, informe, oriente et aide les jeunes dans leurs d\u00e9marches pour trouver un logement. Voir plus de d\u00e9tails <a href=\"http:\/\/www.saint-lo-agglo.fr\/se-loger\">ici<\/a>.<\/p>\n<\/div>\n<\/div>\n<\/div>\n<p><b>O\u00f9 se restaurer ? <\/b><\/p>\n<div class=\"page\" title=\"Page 3\">\n<div class=\"layoutArea\">\n<div class=\"column\">\n<p>\u00c0 deux minutes \u00e0 pied du\u00a0campus universitaire, b\u00e9n\u00e9ficiez de repas au tarif CROUS au <a href=\"http:\/\/www.saint-lo-agglo.fr\/foyer-des-jeunes-travailleurs-fjt\">Foyer des Jeunes Travailleurs Espace Rabelais<\/a>.<\/p>\n<p><b>Des activit\u00e9s sportives ?\u00a0<\/b><\/p>\n<div class=\"page\" title=\"Page 3\">\n<div class=\"layoutArea\">\n<div class=\"column\">\n<p><a href=\"http:\/\/www.saint-lo-agglo.fr\/association-sportive-et-culturelle-des-\u00e9tudiants-de-lagglom\u00e9ration-saint-loise-ascesl\">L\u2019association sportive et culturelle des \u00e9tudiants de Saint-L\u00f4<\/a> (A.S.C.E.S.L.) et le SUAPS de l'Universit\u00e9 de Caen Basse-Normandie, proposent tout au long de l'ann\u00e9e universitaire des activit\u00e9s sportives :\u00a0Badminton,\u00a0Futsall,\u00a0Hand-Ball,\u00a0Fitness,\u00a0Zumba,\u00a0Step,\u00a0Escalade. Voir plus de d\u00e9tails <a href=\"http:\/\/www.saint-lo-agglo.fr\/sport-et-loisirs\">ici<\/a>.<\/p>\n<p><b>Des activit\u00e9s culturelles ?\u00a0<\/b><\/p>\n<div class=\"page\" title=\"Page 3\">\n<div class=\"layoutArea\">\n<div class=\"column\">\n<p>D\u00e9velopper l'enseignement sup\u00e9rieur est une des priorit\u00e9s de <a href=\"http:\/\/www.saint-lo-agglo.fr\/pr\u00e9sentation\">l'agglom\u00e9ration saint-loise<\/a>. Chaque ann\u00e9e, les \u00e9tudiants sont s\u00e9duits par une\u00a0vraie qualit\u00e9 de vie \u00e9tudiante rythm\u00e9e de culture et de projets:<\/p>\n<ul>\n<li>Sc\u00e8ne de musiques actuelles\u00a0<a class=\"lien_externe\" title=\"le normandy (nouvelle fen\u00eatre)\" href=\"http:\/\/www.lenormandy.net\/\">Le Normandy<\/a><\/li>\n<li><a class=\"lien_externe\" title=\"th\u00e9\u00e2tre de saint-l\u00f4 (nouvelle fen\u00eatre)\" href=\"https:\/\/www.saint-lo.fr\/decouvrir-bouger\/culture\/theatre\">Th\u00e9\u00e2tre de Saint-L\u00f4<\/a><\/li>\n<li>Multiplexe\u00a0<a class=\"lien_externe\" title=\"cin\u00e9moviking (nouvelle fen\u00eatre)\" href=\"http:\/\/www.cinemoviking.fr\/\">Cin\u00e9moviking<\/a><\/li>\n<\/ul>\n<\/div>\n<\/div>\n<\/div>\n<hr \/>\n<\/div>\n<\/div>\n<\/div>\n<\/div>\n<\/div>\n<\/div>\n<p>Retrouvez toutes les r\u00e9ponses \u00e0 vos\u00a0questions sur la vie \u00e9tudiante dans le guide de l'\u00e9tudiant\u00a0Saint-Lois disponible en cliquant\u00a0<a title=\"Guide Etudiant\" href=\"https:\/\/www.stlo.unicaen.fr\/mmi\/wp-content\/uploads\/2021\/01\/GuideEtudiant.pdf\" target=\"_blank\" rel=\"noopener noreferrer\">ici<\/a><\/p>\n<\/div>\n<\/div><\/div><\/div><\/div><div id=\"pgc-1103-1-1\"  class=\"panel-grid-cell\" ><div id=\"panel-1103-1-1-0\" class=\"so-panel widget widget_sow-slider panel-first-child panel-last-child\" data-index=\"2\" ><div class=\"so-widget-sow-slider so-widget-sow-slider-default-abf3e628296a\"><div class=\"sow-slider-base \" style=\"display: none\"><ul class=\"sow-slider-images\" data-settings=\"{&quot;pagination&quot;:true,&quot;speed&quot;:800,&quot;timeout&quot;:1000,&quot;paused&quot;:false,&quot;pause_on_hover&quot;:false,&quot;swipe&quot;:true,&quot;nav_always_show_mobile&quot;:&quot;&quot;,&quot;breakpoint&quot;:&quot;780px&quot;}\">\t\t<li class=\"sow-slider-image  sow-slider-image-cover\" style=\"background-image: url(https:\/\/www.stlo.unicaen.fr\/mmi\/wp-content\/uploads\/2016\/06\/vieetud3.jpg)\" >\n\t\t\t\t\t\t\t\t\t<img width=\"600\" height=\"399\" src=\"https:\/\/www.stlo.unicaen.fr\/mmi\/wp-content\/uploads\/2016\/06\/vieetud3.jpg\" class=\"sow-slider-background-image\" alt=\"\" loading=\"1\" srcset=\"https:\/\/www.stlo.unicaen.fr\/mmi\/wp-content\/uploads\/2016\/06\/vieetud3.jpg 600w, https:\/\/www.stlo.unicaen.fr\/mmi\/wp-content\/uploads\/2016\/06\/vieetud3-300x200.jpg 300w, https:\/\/www.stlo.unicaen.fr\/mmi\/wp-content\/uploads\/2016\/06\/vieetud3-230x153.jpg 230w, https:\/\/www.stlo.unicaen.fr\/mmi\/wp-content\/uploads\/2016\/06\/vieetud3-350x233.jpg 350w, https:\/\/www.stlo.unicaen.fr\/mmi\/wp-content\/uploads\/2016\/06\/vieetud3-480x319.jpg 480w, https:\/\/www.stlo.unicaen.fr\/mmi\/wp-content\/uploads\/2016\/06\/vieetud3-272x182.jpg 272w\" sizes=\"(max-width: 600px) 100vw, 600px\" \/>\t\t\t\t\t\t\t\t<\/li>\n\t\t\t\t<li class=\"sow-slider-image  sow-slider-image-cover\" style=\"background-image: url(https:\/\/www.stlo.unicaen.fr\/mmi\/wp-content\/uploads\/2016\/06\/visuel2014.jpg)\" >\n\t\t\t\t\t\t\t\t\t<img width=\"600\" height=\"400\" src=\"https:\/\/www.stlo.unicaen.fr\/mmi\/wp-content\/uploads\/2016\/06\/visuel2014.jpg\" class=\"sow-slider-background-image\" alt=\"\" loading=\"1\" srcset=\"https:\/\/www.stlo.unicaen.fr\/mmi\/wp-content\/uploads\/2016\/06\/visuel2014.jpg 600w, https:\/\/www.stlo.unicaen.fr\/mmi\/wp-content\/uploads\/2016\/06\/visuel2014-300x200.jpg 300w, https:\/\/www.stlo.unicaen.fr\/mmi\/wp-content\/uploads\/2016\/06\/visuel2014-230x153.jpg 230w, https:\/\/www.stlo.unicaen.fr\/mmi\/wp-content\/uploads\/2016\/06\/visuel2014-350x233.jpg 350w, https:\/\/www.stlo.unicaen.fr\/mmi\/wp-content\/uploads\/2016\/06\/visuel2014-480x320.jpg 480w, https:\/\/www.stlo.unicaen.fr\/mmi\/wp-content\/uploads\/2016\/06\/visuel2014-272x182.jpg 272w\" sizes=\"(max-width: 600px) 100vw, 600px\" \/>\t\t\t\t\t\t\t\t<\/li>\n\t\t\t\t<li class=\"sow-slider-image  sow-slider-image-cover\" style=\"background-image: url(https:\/\/www.stlo.unicaen.fr\/mmi\/wp-content\/uploads\/2016\/06\/cafetFJT.jpg)\" >\n\t\t\t\t\t\t\t\t\t<img width=\"600\" height=\"399\" src=\"https:\/\/www.stlo.unicaen.fr\/mmi\/wp-content\/uploads\/2016\/06\/cafetFJT.jpg\" class=\"sow-slider-background-image\" alt=\"\" loading=\"1\" srcset=\"https:\/\/www.stlo.unicaen.fr\/mmi\/wp-content\/uploads\/2016\/06\/cafetFJT.jpg 600w, https:\/\/www.stlo.unicaen.fr\/mmi\/wp-content\/uploads\/2016\/06\/cafetFJT-300x200.jpg 300w, https:\/\/www.stlo.unicaen.fr\/mmi\/wp-content\/uploads\/2016\/06\/cafetFJT-230x153.jpg 230w, https:\/\/www.stlo.unicaen.fr\/mmi\/wp-content\/uploads\/2016\/06\/cafetFJT-350x233.jpg 350w, https:\/\/www.stlo.unicaen.fr\/mmi\/wp-content\/uploads\/2016\/06\/cafetFJT-480x319.jpg 480w, https:\/\/www.stlo.unicaen.fr\/mmi\/wp-content\/uploads\/2016\/06\/cafetFJT-272x182.jpg 272w\" sizes=\"(max-width: 600px) 100vw, 600px\" \/>\t\t\t\t\t\t\t\t<\/li>\n\t\t\t\t<li class=\"sow-slider-image  sow-slider-image-cover\" style=\"background-image: url(https:\/\/www.stlo.unicaen.fr\/mmi\/wp-content\/uploads\/2016\/06\/logementFJT.jpg)\" >\n\t\t\t\t\t\t\t\t\t<img width=\"600\" height=\"399\" src=\"https:\/\/www.stlo.unicaen.fr\/mmi\/wp-content\/uploads\/2016\/06\/logementFJT.jpg\" class=\"sow-slider-background-image\" alt=\"\" loading=\"1\" srcset=\"https:\/\/www.stlo.unicaen.fr\/mmi\/wp-content\/uploads\/2016\/06\/logementFJT.jpg 600w, https:\/\/www.stlo.unicaen.fr\/mmi\/wp-content\/uploads\/2016\/06\/logementFJT-300x200.jpg 300w, https:\/\/www.stlo.unicaen.fr\/mmi\/wp-content\/uploads\/2016\/06\/logementFJT-230x153.jpg 230w, https:\/\/www.stlo.unicaen.fr\/mmi\/wp-content\/uploads\/2016\/06\/logementFJT-350x233.jpg 350w, https:\/\/www.stlo.unicaen.fr\/mmi\/wp-content\/uploads\/2016\/06\/logementFJT-480x319.jpg 480w, https:\/\/www.stlo.unicaen.fr\/mmi\/wp-content\/uploads\/2016\/06\/logementFJT-272x182.jpg 272w\" sizes=\"(max-width: 600px) 100vw, 600px\" \/>\t\t\t\t\t\t\t\t<\/li>\n\t\t\t\t<li class=\"sow-slider-image  sow-slider-image-cover\" style=\"background-image: url(https:\/\/www.stlo.unicaen.fr\/mmi\/wp-content\/uploads\/2016\/06\/logementKitchenette.jpg)\" >\n\t\t\t\t\t\t\t\t\t<img width=\"600\" height=\"399\" src=\"https:\/\/www.stlo.unicaen.fr\/mmi\/wp-content\/uploads\/2016\/06\/logementKitchenette.jpg\" class=\"sow-slider-background-image\" alt=\"\" loading=\"1\" srcset=\"https:\/\/www.stlo.unicaen.fr\/mmi\/wp-content\/uploads\/2016\/06\/logementKitchenette.jpg 600w, https:\/\/www.stlo.unicaen.fr\/mmi\/wp-content\/uploads\/2016\/06\/logementKitchenette-300x200.jpg 300w, https:\/\/www.stlo.unicaen.fr\/mmi\/wp-content\/uploads\/2016\/06\/logementKitchenette-230x153.jpg 230w, https:\/\/www.stlo.unicaen.fr\/mmi\/wp-content\/uploads\/2016\/06\/logementKitchenette-350x233.jpg 350w, https:\/\/www.stlo.unicaen.fr\/mmi\/wp-content\/uploads\/2016\/06\/logementKitchenette-480x319.jpg 480w, https:\/\/www.stlo.unicaen.fr\/mmi\/wp-content\/uploads\/2016\/06\/logementKitchenette-272x182.jpg 272w\" sizes=\"(max-width: 600px) 100vw, 600px\" \/>\t\t\t\t\t\t\t\t<\/li>\n\t\t\t\t<li class=\"sow-slider-image  sow-slider-image-cover\" style=\"background-image: url(https:\/\/www.stlo.unicaen.fr\/mmi\/wp-content\/uploads\/2016\/06\/centreAquatique.jpg)\" >\n\t\t\t\t\t\t\t\t\t<img width=\"600\" height=\"399\" src=\"https:\/\/www.stlo.unicaen.fr\/mmi\/wp-content\/uploads\/2016\/06\/centreAquatique.jpg\" class=\"sow-slider-background-image\" alt=\"\" loading=\"1\" srcset=\"https:\/\/www.stlo.unicaen.fr\/mmi\/wp-content\/uploads\/2016\/06\/centreAquatique.jpg 600w, https:\/\/www.stlo.unicaen.fr\/mmi\/wp-content\/uploads\/2016\/06\/centreAquatique-300x200.jpg 300w, https:\/\/www.stlo.unicaen.fr\/mmi\/wp-content\/uploads\/2016\/06\/centreAquatique-230x153.jpg 230w, https:\/\/www.stlo.unicaen.fr\/mmi\/wp-content\/uploads\/2016\/06\/centreAquatique-350x233.jpg 350w, https:\/\/www.stlo.unicaen.fr\/mmi\/wp-content\/uploads\/2016\/06\/centreAquatique-480x319.jpg 480w, https:\/\/www.stlo.unicaen.fr\/mmi\/wp-content\/uploads\/2016\/06\/centreAquatique-272x182.jpg 272w\" sizes=\"(max-width: 600px) 100vw, 600px\" \/>\t\t\t\t\t\t\t\t<\/li>\n\t\t\t\t<li class=\"sow-slider-image  sow-slider-image-cover\" style=\"background-image: url(https:\/\/www.stlo.unicaen.fr\/mmi\/wp-content\/uploads\/2016\/06\/escalade.jpg)\" >\n\t\t\t\t\t\t\t\t\t<img width=\"600\" height=\"399\" src=\"https:\/\/www.stlo.unicaen.fr\/mmi\/wp-content\/uploads\/2016\/06\/escalade.jpg\" class=\"sow-slider-background-image\" alt=\"\" loading=\"1\" srcset=\"https:\/\/www.stlo.unicaen.fr\/mmi\/wp-content\/uploads\/2016\/06\/escalade.jpg 600w, https:\/\/www.stlo.unicaen.fr\/mmi\/wp-content\/uploads\/2016\/06\/escalade-300x200.jpg 300w, https:\/\/www.stlo.unicaen.fr\/mmi\/wp-content\/uploads\/2016\/06\/escalade-230x153.jpg 230w, https:\/\/www.stlo.unicaen.fr\/mmi\/wp-content\/uploads\/2016\/06\/escalade-350x233.jpg 350w, https:\/\/www.stlo.unicaen.fr\/mmi\/wp-content\/uploads\/2016\/06\/escalade-480x319.jpg 480w, https:\/\/www.stlo.unicaen.fr\/mmi\/wp-content\/uploads\/2016\/06\/escalade-272x182.jpg 272w\" sizes=\"(max-width: 600px) 100vw, 600px\" \/>\t\t\t\t\t\t\t\t<\/li>\n\t\t\t\t<li class=\"sow-slider-image  sow-slider-image-cover\" style=\"background-image: url(https:\/\/www.stlo.unicaen.fr\/mmi\/wp-content\/uploads\/2016\/06\/LeNormandy.jpg)\" >\n\t\t\t\t\t\t\t\t\t<img width=\"600\" height=\"399\" src=\"https:\/\/www.stlo.unicaen.fr\/mmi\/wp-content\/uploads\/2016\/06\/LeNormandy.jpg\" class=\"sow-slider-background-image\" alt=\"\" loading=\"1\" srcset=\"https:\/\/www.stlo.unicaen.fr\/mmi\/wp-content\/uploads\/2016\/06\/LeNormandy.jpg 600w, https:\/\/www.stlo.unicaen.fr\/mmi\/wp-content\/uploads\/2016\/06\/LeNormandy-300x200.jpg 300w, https:\/\/www.stlo.unicaen.fr\/mmi\/wp-content\/uploads\/2016\/06\/LeNormandy-230x153.jpg 230w, https:\/\/www.stlo.unicaen.fr\/mmi\/wp-content\/uploads\/2016\/06\/LeNormandy-350x233.jpg 350w, https:\/\/www.stlo.unicaen.fr\/mmi\/wp-content\/uploads\/2016\/06\/LeNormandy-480x319.jpg 480w, https:\/\/www.stlo.unicaen.fr\/mmi\/wp-content\/uploads\/2016\/06\/LeNormandy-272x182.jpg 272w\" sizes=\"(max-width: 600px) 100vw, 600px\" \/>\t\t\t\t\t\t\t\t<\/li>\n\t\t<\/ul>\t\t\t\t<ol class=\"sow-slider-pagination\">\n\t\t\t\t\t\t\t\t\t\t\t<li><a href=\"#\" data-goto=\"0\" aria-label=\"afficher la diapositive 1\"><\/a><\/li>\n\t\t\t\t\t\t\t\t\t\t\t<li><a href=\"#\" data-goto=\"1\" aria-label=\"afficher la diapositive 2\"><\/a><\/li>\n\t\t\t\t\t\t\t\t\t\t\t<li><a href=\"#\" data-goto=\"2\" aria-label=\"afficher la diapositive 3\"><\/a><\/li>\n\t\t\t\t\t\t\t\t\t\t\t<li><a href=\"#\" data-goto=\"3\" aria-label=\"afficher la diapositive 4\"><\/a><\/li>\n\t\t\t\t\t\t\t\t\t\t\t<li><a href=\"#\" data-goto=\"4\" aria-label=\"afficher la diapositive 5\"><\/a><\/li>\n\t\t\t\t\t\t\t\t\t\t\t<li><a href=\"#\" data-goto=\"5\" aria-label=\"afficher la diapositive 6\"><\/a><\/li>\n\t\t\t\t\t\t\t\t\t\t\t<li><a href=\"#\" data-goto=\"6\" aria-label=\"afficher la diapositive 7\"><\/a><\/li>\n\t\t\t\t\t\t\t\t\t\t\t<li><a href=\"#\" data-goto=\"7\" aria-label=\"afficher la diapositive 8\"><\/a><\/li>\n\t\t\t\t\t\t\t\t\t<\/ol>\n\n\t\t\t\t<div class=\"sow-slide-nav sow-slide-nav-next\">\n\t\t\t\t\t<a href=\"#\" data-goto=\"next\" aria-label=\"diapositive suivante\" data-action=\"next\">\n\t\t\t\t\t\t<em class=\"sow-sld-icon-thin-right\"><\/em>\n\t\t\t\t\t<\/a>\n\t\t\t\t<\/div>\n\n\t\t\t\t<div class=\"sow-slide-nav sow-slide-nav-prev\">\n\t\t\t\t\t<a href=\"#\" data-goto=\"previous\" aria-label=\"diapositive pr\u00e9c\u00e9dente\" data-action=\"prev\">\n\t\t\t\t\t\t<em class=\"sow-sld-icon-thin-left\"><\/em>\n\t\t\t\t\t<\/a>\n\t\t\t\t<\/div>\n\t\t\t\t<\/div><\/div><\/div><\/div><\/div><\/div><\/div>","protected":false},"excerpt":{"rendered":"<p>La ville de Saint-L\u00f4 offre aux \u00e9tudiants une qualit\u00e9 de vie de tout premier plan. Le\u00a0Bureau Information Etudiant permet aux \u00e9tudiants de se renseigner sur la vie \u00e9tudiante \u00e0 Saint-L\u00f4 (activit\u00e9s culturelles et sportives, jobs \u00e9tudiants, mutuelles \u00e9tudiantes, h\u00e9bergement, restauration, &#8230;). Tous les ans en Septembre, Saint-L\u00f4 Agglo organise un \u00ab\u00a0Raid urbain \u00e9tudiant\u00a0\u00bb destin\u00e9 \u00e0 [&hellip;]<\/p>\n","protected":false},"author":1,"featured_media":0,"parent":0,"menu_order":0,"comment_status":"closed","ping_status":"closed","template":"page-templates\/page_fullwidth.php","meta":[],"_links":{"self":[{"href":"https:\/\/www.stlo.unicaen.fr\/mmi\/wp-json\/wp\/v2\/pages\/1103"}],"collection":[{"href":"https:\/\/www.stlo.unicaen.fr\/mmi\/wp-json\/wp\/v2\/pages"}],"about":[{"href":"https:\/\/www.stlo.unicaen.fr\/mmi\/wp-json\/wp\/v2\/types\/page"}],"author":[{"embeddable":true,"href":"https:\/\/www.stlo.unicaen.fr\/mmi\/wp-json\/wp\/v2\/users\/1"}],"replies":[{"embeddable":true,"href":"https:\/\/www.stlo.unicaen.fr\/mmi\/wp-json\/wp\/v2\/comments?post=1103"}],"version-history":[{"count":33,"href":"https:\/\/www.stlo.unicaen.fr\/mmi\/wp-json\/wp\/v2\/pages\/1103\/revisions"}],"predecessor-version":[{"id":2386,"href":"https:\/\/www.stlo.unicaen.fr\/mmi\/wp-json\/wp\/v2\/pages\/1103\/revisions\/2386"}],"wp:attachment":[{"href":"https:\/\/www.stlo.unicaen.fr\/mmi\/wp-json\/wp\/v2\/media?parent=1103"}],"curies":[{"name":"wp","href":"https:\/\/api.w.org\/{rel}","templated":true}]}}