{"id":1107,"date":"2016-06-04T14:27:43","date_gmt":"2016-06-04T13:27:43","guid":{"rendered":"https:\/\/www.stlo.unicaen.fr\/mmi\/?page_id=1107"},"modified":"2020-11-26T20:36:52","modified_gmt":"2020-11-26T19:36:52","slug":"parcours-sup","status":"publish","type":"page","link":"https:\/\/www.stlo.unicaen.fr\/mmi\/parcours-sup\/","title":{"rendered":"Parcours Sup"},"content":{"rendered":"<div id=\"pl-1107\"  class=\"panel-layout\" ><div id=\"pg-1107-0\"  class=\"panel-grid panel-has-style\" ><div class=\"siteorigin-panels-stretch panel-row-style panel-row-style-for-1107-0\" style=\"color: #ffffff;padding: 15px 0; \" data-stretch-type=\"full-stretched\" data-hascolor=\"hascolor\" data-overlay=\"true\" ><div id=\"pgc-1107-0-0\"  class=\"panel-grid-cell\" ><div id=\"panel-1107-0-0-0\" class=\"so-panel widget widget_text panel-first-child panel-last-child\" data-index=\"0\" ><div style=\"text-align: left;\" data-title-color=\"#ffffff\" data-headings-color=\"#443f3f\" class=\"panel-widget-style panel-widget-style-for-1107-0-0-0\" ><h3 class=\"widget-title\">Parcours Sup<\/h3>\t\t\t<div class=\"textwidget\"><\/div>\n\t\t<\/div><\/div><\/div><\/div><\/div><div id=\"pg-1107-1\"  class=\"panel-grid panel-has-style\" ><div style=\"padding: 100px 0; \" data-overlay=\"true\" class=\"panel-row-style panel-row-style-for-1107-1\" ><div id=\"pgc-1107-1-0\"  class=\"panel-grid-cell\" ><div id=\"panel-1107-1-0-0\" class=\"so-panel widget widget_sow-editor panel-first-child\" data-index=\"1\" ><div style=\"text-align: left;\" data-title-color=\"#443f3f\" data-headings-color=\"#443f3f\" class=\"panel-widget-style panel-widget-style-for-1107-1-0-0\" ><div class=\"so-widget-sow-editor so-widget-sow-editor-base\">\n<div class=\"siteorigin-widget-tinymce textwidget\">\n\t<p><a href=\"http:\/\/www.admission-postbac.fr\"><img loading=\"lazy\" class=\"size-medium wp-image-2025 aligncenter\" src=\"https:\/\/www.stlo.unicaen.fr\/mmi\/wp-content\/uploads\/2018\/01\/Plan-etudiant-300x115.jpg\" alt=\"\" width=\"300\" height=\"115\" srcset=\"https:\/\/www.stlo.unicaen.fr\/mmi\/wp-content\/uploads\/2018\/01\/Plan-etudiant-300x115.jpg 300w, https:\/\/www.stlo.unicaen.fr\/mmi\/wp-content\/uploads\/2018\/01\/Plan-etudiant-230x88.jpg 230w, https:\/\/www.stlo.unicaen.fr\/mmi\/wp-content\/uploads\/2018\/01\/Plan-etudiant-350x134.jpg 350w, https:\/\/www.stlo.unicaen.fr\/mmi\/wp-content\/uploads\/2018\/01\/Plan-etudiant-480x183.jpg 480w, https:\/\/www.stlo.unicaen.fr\/mmi\/wp-content\/uploads\/2018\/01\/Plan-etudiant.jpg 720w\" sizes=\"(max-width: 300px) 100vw, 300px\" \/><br \/>\n<\/a><\/p>\n<p>Vous \u00eates en terminale ou titulaires d\u2019un baccalaur\u00e9at ou \u00e9quivalent, avez moins de 26 ans et souhaitez vous inscrire en 1\u00e8re ann\u00e9e MMI ? Dans ce cas, l\u2019admission se fait via la plate-forme<strong>\u00a0\u00ab\u00a0Parcours Sup \u00bb<\/strong>. Cette plate-forme a \u00e9t\u00e9 mise en place pour simplifier les d\u00e9marches de pr\u00e9-inscription dans l\u2019enseignement sup\u00e9rieur en regroupant sur un seul site l\u2019ensemble des formations post-baccalaur\u00e9at dont la formation MMI.<\/p>\n<p>Pour postuler, il est indispensable de constituer un dossier de candidature et de valider toutes les \u00e9tapes du processus d'inscription pr\u00e9alable sur <a href=\"https:\/\/www.parcoursup.fr\" target=\"_blank\" rel=\"noopener noreferrer\">https:\/\/www.parcoursup.fr<\/a>.<\/p>\n<\/div>\n<\/div><\/div><\/div><div id=\"panel-1107-1-0-1\" class=\"so-panel widget widget_sow-button panel-last-child\" data-index=\"2\" ><div style=\"text-align: left;\" data-title-color=\"#443f3f\" data-headings-color=\"#443f3f\" class=\"panel-widget-style panel-widget-style-for-1107-1-0-1\" ><div class=\"so-widget-sow-button so-widget-sow-button-flat-21e95dacfd66\"><div class=\"ow-button-base ow-button-align-center\">\n\t<a href=\"https:\/\/www.parcoursup.fr\" class=\"ow-icon-placement-left ow-button-hover\" \t\t>\n\t\t<span>\n\t\t\t\n\t\t\tD\u00e9poser une candidature\t\t<\/span>\n\t<\/a>\n<\/div>\n<\/div><\/div><\/div><\/div><div id=\"pgc-1107-1-1\"  class=\"panel-grid-cell\" ><div id=\"panel-1107-1-1-0\" class=\"so-panel widget widget_text panel-first-child panel-last-child\" data-index=\"3\" ><div style=\"text-align: left;\" data-title-color=\"#443f3f\" data-headings-color=\"#443f3f\" class=\"panel-widget-style panel-widget-style-for-1107-1-1-0\" ><h3 class=\"widget-title\">Le calendrier Parcours Sup<\/h3>\t\t\t<div class=\"textwidget\"><p>Pour plus de d\u00e9tails sur la plateforme Parcours Sup, consultez<\/p>\n<p><a href=\"http:\/\/www.education.gouv.fr\/cid122643\/plan-etudiants-informations-pratiques-pour-les-familles.html\">http:\/\/www.education.gouv.fr\/cid122643\/plan-etudiants-informations-pratiques-pour-les-familles.html<\/a><\/p>\n<\/div>\n\t\t<\/div><\/div><\/div><\/div><\/div><div id=\"pg-1107-2\"  class=\"panel-grid panel-has-style\" ><div class=\"siteorigin-panels-stretch panel-row-style panel-row-style-for-1107-2\" style=\"color: #ffffff;padding: 15px 0; \" data-stretch-type=\"full-stretched\" data-hascolor=\"hascolor\" data-overlay=\"true\" data-overlay-color=\"#000000\" ><div id=\"pgc-1107-2-0\"  class=\"panel-grid-cell\" ><div id=\"panel-1107-2-0-0\" class=\"so-panel widget widget_text panel-first-child panel-last-child\" data-index=\"4\" ><div style=\"text-align: left;\" data-title-color=\"#ffffff\" data-headings-color=\"#443f3f\" class=\"panel-widget-style panel-widget-style-for-1107-2-0-0\" ><h3 class=\"widget-title\">S&rsquo;inscrire en MMI<\/h3>\t\t\t<div class=\"textwidget\"><\/div>\n\t\t<\/div><\/div><\/div><\/div><\/div><div id=\"pg-1107-3\"  class=\"panel-grid panel-has-style\" ><div class=\"siteorigin-panels-stretch panel-row-style panel-row-style-for-1107-3\" style=\"padding: 100px 0; \" data-stretch-type=\"full\" data-overlay=\"true\" ><div id=\"pgc-1107-3-0\"  class=\"panel-grid-cell\" ><div id=\"panel-1107-3-0-0\" class=\"so-panel widget widget_sow-editor panel-first-child panel-last-child\" data-index=\"5\" ><div style=\"text-align: left;\" data-title-color=\"#443f3f\" data-headings-color=\"#443f3f\" class=\"panel-widget-style panel-widget-style-for-1107-3-0-0\" ><div class=\"so-widget-sow-editor so-widget-sow-editor-base\">\n<div class=\"siteorigin-widget-tinymce textwidget\">\n\t<h4>Apr\u00e8s la proc\u00e9dure Parcours Sup, vous avez \u00e9t\u00e9 retenu en DUT MMI.<\/h4>\n<h4>Vous avez re\u00e7u un message \u00e9lectronique vous informant de la proc\u00e9dure \u00e0 suivre.<\/h4>\n<h4>Vous pouvez vous inscrire en ligne \u00e0<\/h4>\n<h4><a href=\"http:\/\/webetu.unicaen.fr\/formations-et-etudes\/inscriptions\/\">http:\/\/webetu.unicaen.fr\/formations-et-etudes\/inscriptions\/<\/a><\/h4>\n<p>\u00a0<\/p>\n<\/div>\n<\/div><\/div><\/div><\/div><\/div><\/div><\/div>","protected":false},"excerpt":{"rendered":"<p>Vous \u00eates en terminale ou titulaires d\u2019un baccalaur\u00e9at ou \u00e9quivalent, avez moins de 26 ans et souhaitez vous inscrire en 1\u00e8re ann\u00e9e MMI ? Dans ce cas, l\u2019admission se fait via la plate-forme\u00a0\u00ab\u00a0Parcours Sup \u00bb. Cette plate-forme a \u00e9t\u00e9 mise en place pour simplifier les d\u00e9marches de pr\u00e9-inscription dans l\u2019enseignement sup\u00e9rieur en regroupant sur un [&hellip;]<\/p>\n","protected":false},"author":1,"featured_media":0,"parent":0,"menu_order":0,"comment_status":"closed","ping_status":"closed","template":"page-templates\/page_fullwidth.php","meta":[],"_links":{"self":[{"href":"https:\/\/www.stlo.unicaen.fr\/mmi\/wp-json\/wp\/v2\/pages\/1107"}],"collection":[{"href":"https:\/\/www.stlo.unicaen.fr\/mmi\/wp-json\/wp\/v2\/pages"}],"about":[{"href":"https:\/\/www.stlo.unicaen.fr\/mmi\/wp-json\/wp\/v2\/types\/page"}],"author":[{"embeddable":true,"href":"https:\/\/www.stlo.unicaen.fr\/mmi\/wp-json\/wp\/v2\/users\/1"}],"replies":[{"embeddable":true,"href":"https:\/\/www.stlo.unicaen.fr\/mmi\/wp-json\/wp\/v2\/comments?post=1107"}],"version-history":[{"count":35,"href":"https:\/\/www.stlo.unicaen.fr\/mmi\/wp-json\/wp\/v2\/pages\/1107\/revisions"}],"predecessor-version":[{"id":2224,"href":"https:\/\/www.stlo.unicaen.fr\/mmi\/wp-json\/wp\/v2\/pages\/1107\/revisions\/2224"}],"wp:attachment":[{"href":"https:\/\/www.stlo.unicaen.fr\/mmi\/wp-json\/wp\/v2\/media?parent=1107"}],"curies":[{"name":"wp","href":"https:\/\/api.w.org\/{rel}","templated":true}]}}