{"id":1109,"date":"2016-06-04T14:28:00","date_gmt":"2016-06-04T13:28:00","guid":{"rendered":"https:\/\/www.stlo.unicaen.fr\/mmi\/?page_id=1109"},"modified":"2024-01-02T15:32:25","modified_gmt":"2024-01-02T14:32:25","slug":"journee-portes-ouvertes","status":"publish","type":"page","link":"https:\/\/www.stlo.unicaen.fr\/mmi\/journee-portes-ouvertes\/","title":{"rendered":"Journ\u00e9e portes ouvertes"},"content":{"rendered":"<div id=\"pl-1109\"  class=\"panel-layout\" ><div id=\"pg-1109-0\"  class=\"panel-grid panel-has-style\" ><div class=\"siteorigin-panels-stretch panel-row-style panel-row-style-for-1109-0\" style=\"color: #ffffff;padding: 15px 0; \" data-stretch-type=\"full-stretched\" data-hascolor=\"hascolor\" data-overlay=\"true\" ><div id=\"pgc-1109-0-0\"  class=\"panel-grid-cell\" ><div id=\"panel-1109-0-0-0\" class=\"so-panel widget widget_text panel-first-child panel-last-child\" data-index=\"0\" ><div style=\"text-align: left;\" data-title-color=\"#ffffff\" data-headings-color=\"#443f3f\" class=\"panel-widget-style panel-widget-style-for-1109-0-0-0\" ><h3 class=\"widget-title\">La journ\u00e9e portes ouvertes<\/h3>\t\t\t<div class=\"textwidget\"><\/div>\n\t\t<\/div><\/div><\/div><\/div><\/div><div id=\"pg-1109-1\"  class=\"panel-grid panel-has-style\" ><div class=\"siteorigin-panels-stretch panel-row-style panel-row-style-for-1109-1\" style=\"padding: 15px 0; \" data-stretch-type=\"full-stretched\" data-overlay=\"true\" ><div id=\"pgc-1109-1-0\"  class=\"panel-grid-cell\" ><div id=\"panel-1109-1-0-0\" class=\"so-panel widget widget_sow-editor panel-first-child panel-last-child\" data-index=\"1\" ><div style=\"text-align: left;\" data-title-color=\"#443f3f\" data-headings-color=\"#443f3f\" class=\"panel-widget-style panel-widget-style-for-1109-1-0-0\" ><div class=\"so-widget-sow-editor so-widget-sow-editor-base\"><h3 class=\"widget-title\">Une visite concr\u00e8te<\/h3>\n<div class=\"siteorigin-widget-tinymce textwidget\">\n\t<p style=\"text-align: center;\">Vous \u00eates un futur bachelier int\u00e9ress\u00e9 par le multim\u00e9dia et l'internet ?<\/p>\n<p style=\"text-align: center;\">Venez aux portes ouvertes de l'IUT ! C'est l'occasion de\u00a0mieux conna\u00eetre notre formation.<\/p>\n<p style=\"text-align: center;\">Sur place, vous serez accueillis par les \u00e9tudiants eux-m\u00eames en formation qui assureront d\u00e9monstrations, animations, et ateliers.<br \/>\nVous aurez droit \u00e0 des exemples concrets de travaux r\u00e9alis\u00e9s par les \u00e9tudiants pour toucher du doigt la r\u00e9alit\u00e9 du contenu des formations en question : la r\u00e9alisation de site internet, la programmation cot\u00e9 client et cot\u00e9 serveur, la conception d'oeuvres graphiques, d'affiches, de courts-m\u00e9trages.<\/p>\n<p style=\"text-align: center;\">En 2022, les JPO auront lieu le 26 F\u00e9vrier 2022 de 09h00 \u00e0 17h00 \u00e0 Saint-L\u00f4.<\/p>\n<h1 style=\"text-align: center;\">Visitez notre site internet d\u00e9di\u00e9 aux portes ouvertes :<\/h1>\n<h2 style=\"text-align: center;\"><a href=\"https:\/\/www.stlo.unicaen.fr\/mmitouch\/jpo\/\">https:\/\/www.stlo.unicaen.fr\/mmitouch\/jpo\/<\/a><\/h2>\n<p style=\"text-align: center;\">\n<\/div>\n<\/div><\/div><\/div><\/div><div id=\"pgc-1109-1-1\"  class=\"panel-grid-cell\" ><div id=\"panel-1109-1-1-0\" class=\"so-panel widget widget_sow-slider panel-first-child panel-last-child\" data-index=\"2\" ><div style=\"text-align: left;\" data-title-color=\"#443f3f\" data-headings-color=\"#443f3f\" class=\"panel-widget-style panel-widget-style-for-1109-1-1-0\" ><div class=\"so-widget-sow-slider so-widget-sow-slider-default-abf3e628296a\"><div class=\"sow-slider-base \" style=\"display: none\"><ul class=\"sow-slider-images\" data-settings=\"{&quot;pagination&quot;:true,&quot;speed&quot;:800,&quot;timeout&quot;:1000,&quot;paused&quot;:false,&quot;pause_on_hover&quot;:false,&quot;swipe&quot;:true,&quot;nav_always_show_mobile&quot;:&quot;&quot;,&quot;breakpoint&quot;:&quot;780px&quot;}\">\t\t<li class=\"sow-slider-image  sow-slider-image-cover\" style=\"background-image: url(https:\/\/www.stlo.unicaen.fr\/mmi\/wp-content\/uploads\/2016\/06\/12742463_1154228794601112_7755288285324533438_n.png)\" >\n\t\t\t\t\t\t\t\t\t<img width=\"600\" height=\"450\" src=\"https:\/\/www.stlo.unicaen.fr\/mmi\/wp-content\/uploads\/2016\/06\/12742463_1154228794601112_7755288285324533438_n.png\" class=\"sow-slider-background-image\" alt=\"\" loading=\"1\" srcset=\"https:\/\/www.stlo.unicaen.fr\/mmi\/wp-content\/uploads\/2016\/06\/12742463_1154228794601112_7755288285324533438_n.png 600w, https:\/\/www.stlo.unicaen.fr\/mmi\/wp-content\/uploads\/2016\/06\/12742463_1154228794601112_7755288285324533438_n-300x225.png 300w, https:\/\/www.stlo.unicaen.fr\/mmi\/wp-content\/uploads\/2016\/06\/12742463_1154228794601112_7755288285324533438_n-230x173.png 230w, https:\/\/www.stlo.unicaen.fr\/mmi\/wp-content\/uploads\/2016\/06\/12742463_1154228794601112_7755288285324533438_n-350x263.png 350w, https:\/\/www.stlo.unicaen.fr\/mmi\/wp-content\/uploads\/2016\/06\/12742463_1154228794601112_7755288285324533438_n-480x360.png 480w\" sizes=\"(max-width: 600px) 100vw, 600px\" \/>\t\t\t\t\t\t\t\t<\/li>\n\t\t\t\t<li class=\"sow-slider-image  sow-slider-image-cover\" style=\"background-image: url(https:\/\/www.stlo.unicaen.fr\/mmi\/wp-content\/uploads\/2016\/06\/IMG_3250.png)\" >\n\t\t\t\t\t\t\t\t\t<img width=\"600\" height=\"450\" src=\"https:\/\/www.stlo.unicaen.fr\/mmi\/wp-content\/uploads\/2016\/06\/IMG_3250.png\" class=\"sow-slider-background-image\" alt=\"\" loading=\"1\" srcset=\"https:\/\/www.stlo.unicaen.fr\/mmi\/wp-content\/uploads\/2016\/06\/IMG_3250.png 600w, https:\/\/www.stlo.unicaen.fr\/mmi\/wp-content\/uploads\/2016\/06\/IMG_3250-300x225.png 300w, https:\/\/www.stlo.unicaen.fr\/mmi\/wp-content\/uploads\/2016\/06\/IMG_3250-230x173.png 230w, https:\/\/www.stlo.unicaen.fr\/mmi\/wp-content\/uploads\/2016\/06\/IMG_3250-350x263.png 350w, https:\/\/www.stlo.unicaen.fr\/mmi\/wp-content\/uploads\/2016\/06\/IMG_3250-480x360.png 480w\" sizes=\"(max-width: 600px) 100vw, 600px\" \/>\t\t\t\t\t\t\t\t<\/li>\n\t\t\t\t<li class=\"sow-slider-image  sow-slider-image-cover\" style=\"background-image: url(https:\/\/www.stlo.unicaen.fr\/mmi\/wp-content\/uploads\/2016\/06\/IMG_3440.jpg)\" >\n\t\t\t\t\t\t\t\t\t<img width=\"600\" height=\"450\" src=\"https:\/\/www.stlo.unicaen.fr\/mmi\/wp-content\/uploads\/2016\/06\/IMG_3440.jpg\" class=\"sow-slider-background-image\" alt=\"\" loading=\"1\" srcset=\"https:\/\/www.stlo.unicaen.fr\/mmi\/wp-content\/uploads\/2016\/06\/IMG_3440.jpg 600w, https:\/\/www.stlo.unicaen.fr\/mmi\/wp-content\/uploads\/2016\/06\/IMG_3440-300x225.jpg 300w, https:\/\/www.stlo.unicaen.fr\/mmi\/wp-content\/uploads\/2016\/06\/IMG_3440-230x173.jpg 230w, https:\/\/www.stlo.unicaen.fr\/mmi\/wp-content\/uploads\/2016\/06\/IMG_3440-350x263.jpg 350w, https:\/\/www.stlo.unicaen.fr\/mmi\/wp-content\/uploads\/2016\/06\/IMG_3440-480x360.jpg 480w\" sizes=\"(max-width: 600px) 100vw, 600px\" \/>\t\t\t\t\t\t\t\t<\/li>\n\t\t\t\t<li class=\"sow-slider-image  sow-slider-image-cover\" style=\"background-image: url(https:\/\/www.stlo.unicaen.fr\/mmi\/wp-content\/uploads\/2016\/06\/IMG_3429.jpg)\" >\n\t\t\t\t\t\t\t\t\t<img width=\"600\" height=\"450\" src=\"https:\/\/www.stlo.unicaen.fr\/mmi\/wp-content\/uploads\/2016\/06\/IMG_3429.jpg\" class=\"sow-slider-background-image\" alt=\"\" loading=\"1\" srcset=\"https:\/\/www.stlo.unicaen.fr\/mmi\/wp-content\/uploads\/2016\/06\/IMG_3429.jpg 600w, https:\/\/www.stlo.unicaen.fr\/mmi\/wp-content\/uploads\/2016\/06\/IMG_3429-300x225.jpg 300w, https:\/\/www.stlo.unicaen.fr\/mmi\/wp-content\/uploads\/2016\/06\/IMG_3429-230x173.jpg 230w, https:\/\/www.stlo.unicaen.fr\/mmi\/wp-content\/uploads\/2016\/06\/IMG_3429-350x263.jpg 350w, https:\/\/www.stlo.unicaen.fr\/mmi\/wp-content\/uploads\/2016\/06\/IMG_3429-480x360.jpg 480w\" sizes=\"(max-width: 600px) 100vw, 600px\" \/>\t\t\t\t\t\t\t\t<\/li>\n\t\t\t\t<li class=\"sow-slider-image  sow-slider-image-cover\" style=\"background-image: url(https:\/\/www.stlo.unicaen.fr\/mmi\/wp-content\/uploads\/2016\/06\/IMG_3436.jpg)\" >\n\t\t\t\t\t\t\t\t\t<img width=\"600\" height=\"450\" src=\"https:\/\/www.stlo.unicaen.fr\/mmi\/wp-content\/uploads\/2016\/06\/IMG_3436.jpg\" class=\"sow-slider-background-image\" alt=\"\" loading=\"1\" srcset=\"https:\/\/www.stlo.unicaen.fr\/mmi\/wp-content\/uploads\/2016\/06\/IMG_3436.jpg 600w, https:\/\/www.stlo.unicaen.fr\/mmi\/wp-content\/uploads\/2016\/06\/IMG_3436-300x225.jpg 300w, https:\/\/www.stlo.unicaen.fr\/mmi\/wp-content\/uploads\/2016\/06\/IMG_3436-230x173.jpg 230w, https:\/\/www.stlo.unicaen.fr\/mmi\/wp-content\/uploads\/2016\/06\/IMG_3436-350x263.jpg 350w, https:\/\/www.stlo.unicaen.fr\/mmi\/wp-content\/uploads\/2016\/06\/IMG_3436-480x360.jpg 480w\" sizes=\"(max-width: 600px) 100vw, 600px\" \/>\t\t\t\t\t\t\t\t<\/li>\n\t\t\t\t<li class=\"sow-slider-image  sow-slider-image-cover\" style=\"background-image: url(https:\/\/www.stlo.unicaen.fr\/mmi\/wp-content\/uploads\/2016\/06\/IMG_3433.jpg)\" >\n\t\t\t\t\t\t\t\t\t<img width=\"600\" height=\"450\" src=\"https:\/\/www.stlo.unicaen.fr\/mmi\/wp-content\/uploads\/2016\/06\/IMG_3433.jpg\" class=\"sow-slider-background-image\" alt=\"\" loading=\"1\" srcset=\"https:\/\/www.stlo.unicaen.fr\/mmi\/wp-content\/uploads\/2016\/06\/IMG_3433.jpg 600w, https:\/\/www.stlo.unicaen.fr\/mmi\/wp-content\/uploads\/2016\/06\/IMG_3433-300x225.jpg 300w, https:\/\/www.stlo.unicaen.fr\/mmi\/wp-content\/uploads\/2016\/06\/IMG_3433-230x173.jpg 230w, https:\/\/www.stlo.unicaen.fr\/mmi\/wp-content\/uploads\/2016\/06\/IMG_3433-350x263.jpg 350w, https:\/\/www.stlo.unicaen.fr\/mmi\/wp-content\/uploads\/2016\/06\/IMG_3433-480x360.jpg 480w\" sizes=\"(max-width: 600px) 100vw, 600px\" \/>\t\t\t\t\t\t\t\t<\/li>\n\t\t\t\t<li class=\"sow-slider-image  sow-slider-image-cover\" style=\"background-image: url(https:\/\/www.stlo.unicaen.fr\/mmi\/wp-content\/uploads\/2016\/06\/12800283_1156304984393493_5433055726462888438_n.jpg)\" >\n\t\t\t\t\t\t\t\t\t<img width=\"600\" height=\"450\" src=\"https:\/\/www.stlo.unicaen.fr\/mmi\/wp-content\/uploads\/2016\/06\/12800283_1156304984393493_5433055726462888438_n.jpg\" class=\"sow-slider-background-image\" alt=\"\" loading=\"1\" srcset=\"https:\/\/www.stlo.unicaen.fr\/mmi\/wp-content\/uploads\/2016\/06\/12800283_1156304984393493_5433055726462888438_n.jpg 600w, https:\/\/www.stlo.unicaen.fr\/mmi\/wp-content\/uploads\/2016\/06\/12800283_1156304984393493_5433055726462888438_n-300x225.jpg 300w, https:\/\/www.stlo.unicaen.fr\/mmi\/wp-content\/uploads\/2016\/06\/12800283_1156304984393493_5433055726462888438_n-230x173.jpg 230w, https:\/\/www.stlo.unicaen.fr\/mmi\/wp-content\/uploads\/2016\/06\/12800283_1156304984393493_5433055726462888438_n-350x263.jpg 350w, https:\/\/www.stlo.unicaen.fr\/mmi\/wp-content\/uploads\/2016\/06\/12800283_1156304984393493_5433055726462888438_n-480x360.jpg 480w\" sizes=\"(max-width: 600px) 100vw, 600px\" \/>\t\t\t\t\t\t\t\t<\/li>\n\t\t\t\t<li class=\"sow-slider-image  sow-slider-image-cover\" style=\"background-image: url(https:\/\/www.stlo.unicaen.fr\/mmi\/wp-content\/uploads\/2016\/06\/12800220_1156305281060130_1813978267105015452_n.jpg)\" >\n\t\t\t\t\t\t\t\t\t<img width=\"600\" height=\"450\" src=\"https:\/\/www.stlo.unicaen.fr\/mmi\/wp-content\/uploads\/2016\/06\/12800220_1156305281060130_1813978267105015452_n.jpg\" class=\"sow-slider-background-image\" alt=\"\" loading=\"1\" srcset=\"https:\/\/www.stlo.unicaen.fr\/mmi\/wp-content\/uploads\/2016\/06\/12800220_1156305281060130_1813978267105015452_n.jpg 600w, https:\/\/www.stlo.unicaen.fr\/mmi\/wp-content\/uploads\/2016\/06\/12800220_1156305281060130_1813978267105015452_n-300x225.jpg 300w, https:\/\/www.stlo.unicaen.fr\/mmi\/wp-content\/uploads\/2016\/06\/12800220_1156305281060130_1813978267105015452_n-230x173.jpg 230w, https:\/\/www.stlo.unicaen.fr\/mmi\/wp-content\/uploads\/2016\/06\/12800220_1156305281060130_1813978267105015452_n-350x263.jpg 350w, https:\/\/www.stlo.unicaen.fr\/mmi\/wp-content\/uploads\/2016\/06\/12800220_1156305281060130_1813978267105015452_n-480x360.jpg 480w\" sizes=\"(max-width: 600px) 100vw, 600px\" \/>\t\t\t\t\t\t\t\t<\/li>\n\t\t\t\t<li class=\"sow-slider-image  sow-slider-image-cover\" style=\"background-image: url(https:\/\/www.stlo.unicaen.fr\/mmi\/wp-content\/uploads\/2016\/06\/12804765_1156304977726827_8881322714597174838_n.jpg)\" >\n\t\t\t\t\t\t\t\t\t<img width=\"600\" height=\"450\" src=\"https:\/\/www.stlo.unicaen.fr\/mmi\/wp-content\/uploads\/2016\/06\/12804765_1156304977726827_8881322714597174838_n.jpg\" class=\"sow-slider-background-image\" alt=\"\" loading=\"1\" srcset=\"https:\/\/www.stlo.unicaen.fr\/mmi\/wp-content\/uploads\/2016\/06\/12804765_1156304977726827_8881322714597174838_n.jpg 600w, https:\/\/www.stlo.unicaen.fr\/mmi\/wp-content\/uploads\/2016\/06\/12804765_1156304977726827_8881322714597174838_n-300x225.jpg 300w, https:\/\/www.stlo.unicaen.fr\/mmi\/wp-content\/uploads\/2016\/06\/12804765_1156304977726827_8881322714597174838_n-230x173.jpg 230w, https:\/\/www.stlo.unicaen.fr\/mmi\/wp-content\/uploads\/2016\/06\/12804765_1156304977726827_8881322714597174838_n-350x263.jpg 350w, https:\/\/www.stlo.unicaen.fr\/mmi\/wp-content\/uploads\/2016\/06\/12804765_1156304977726827_8881322714597174838_n-480x360.jpg 480w\" sizes=\"(max-width: 600px) 100vw, 600px\" \/>\t\t\t\t\t\t\t\t<\/li>\n\t\t\t\t<li class=\"sow-slider-image  sow-slider-image-cover\" style=\"background-image: url(https:\/\/www.stlo.unicaen.fr\/mmi\/wp-content\/uploads\/2016\/06\/IMG_3437.jpg)\" >\n\t\t\t\t\t\t\t\t\t<img width=\"600\" height=\"450\" src=\"https:\/\/www.stlo.unicaen.fr\/mmi\/wp-content\/uploads\/2016\/06\/IMG_3437.jpg\" class=\"sow-slider-background-image\" alt=\"\" loading=\"1\" srcset=\"https:\/\/www.stlo.unicaen.fr\/mmi\/wp-content\/uploads\/2016\/06\/IMG_3437.jpg 600w, https:\/\/www.stlo.unicaen.fr\/mmi\/wp-content\/uploads\/2016\/06\/IMG_3437-300x225.jpg 300w, https:\/\/www.stlo.unicaen.fr\/mmi\/wp-content\/uploads\/2016\/06\/IMG_3437-230x173.jpg 230w, https:\/\/www.stlo.unicaen.fr\/mmi\/wp-content\/uploads\/2016\/06\/IMG_3437-350x263.jpg 350w, https:\/\/www.stlo.unicaen.fr\/mmi\/wp-content\/uploads\/2016\/06\/IMG_3437-480x360.jpg 480w\" sizes=\"(max-width: 600px) 100vw, 600px\" \/>\t\t\t\t\t\t\t\t<\/li>\n\t\t\t\t<li class=\"sow-slider-image  sow-slider-image-cover\" style=\"background-image: url(https:\/\/www.stlo.unicaen.fr\/mmi\/wp-content\/uploads\/2016\/06\/12791082_1156304987726826_117306226575477204_n.jpg)\" >\n\t\t\t\t\t\t\t\t\t<img width=\"600\" height=\"450\" src=\"https:\/\/www.stlo.unicaen.fr\/mmi\/wp-content\/uploads\/2016\/06\/12791082_1156304987726826_117306226575477204_n.jpg\" class=\"sow-slider-background-image\" alt=\"\" loading=\"1\" srcset=\"https:\/\/www.stlo.unicaen.fr\/mmi\/wp-content\/uploads\/2016\/06\/12791082_1156304987726826_117306226575477204_n.jpg 600w, https:\/\/www.stlo.unicaen.fr\/mmi\/wp-content\/uploads\/2016\/06\/12791082_1156304987726826_117306226575477204_n-300x225.jpg 300w, https:\/\/www.stlo.unicaen.fr\/mmi\/wp-content\/uploads\/2016\/06\/12791082_1156304987726826_117306226575477204_n-230x173.jpg 230w, https:\/\/www.stlo.unicaen.fr\/mmi\/wp-content\/uploads\/2016\/06\/12791082_1156304987726826_117306226575477204_n-350x263.jpg 350w, https:\/\/www.stlo.unicaen.fr\/mmi\/wp-content\/uploads\/2016\/06\/12791082_1156304987726826_117306226575477204_n-480x360.jpg 480w\" sizes=\"(max-width: 600px) 100vw, 600px\" \/>\t\t\t\t\t\t\t\t<\/li>\n\t\t<\/ul>\t\t\t\t<ol class=\"sow-slider-pagination\">\n\t\t\t\t\t\t\t\t\t\t\t<li><a href=\"#\" data-goto=\"0\" aria-label=\"afficher la diapositive 1\"><\/a><\/li>\n\t\t\t\t\t\t\t\t\t\t\t<li><a href=\"#\" data-goto=\"1\" aria-label=\"afficher la diapositive 2\"><\/a><\/li>\n\t\t\t\t\t\t\t\t\t\t\t<li><a href=\"#\" data-goto=\"2\" aria-label=\"afficher la diapositive 3\"><\/a><\/li>\n\t\t\t\t\t\t\t\t\t\t\t<li><a href=\"#\" data-goto=\"3\" aria-label=\"afficher la diapositive 4\"><\/a><\/li>\n\t\t\t\t\t\t\t\t\t\t\t<li><a href=\"#\" data-goto=\"4\" aria-label=\"afficher la diapositive 5\"><\/a><\/li>\n\t\t\t\t\t\t\t\t\t\t\t<li><a href=\"#\" data-goto=\"5\" aria-label=\"afficher la diapositive 6\"><\/a><\/li>\n\t\t\t\t\t\t\t\t\t\t\t<li><a href=\"#\" data-goto=\"6\" aria-label=\"afficher la diapositive 7\"><\/a><\/li>\n\t\t\t\t\t\t\t\t\t\t\t<li><a href=\"#\" data-goto=\"7\" aria-label=\"afficher la diapositive 8\"><\/a><\/li>\n\t\t\t\t\t\t\t\t\t\t\t<li><a href=\"#\" data-goto=\"8\" aria-label=\"afficher la diapositive 9\"><\/a><\/li>\n\t\t\t\t\t\t\t\t\t\t\t<li><a href=\"#\" data-goto=\"9\" aria-label=\"afficher la diapositive 10\"><\/a><\/li>\n\t\t\t\t\t\t\t\t\t\t\t<li><a href=\"#\" data-goto=\"10\" aria-label=\"afficher la diapositive 11\"><\/a><\/li>\n\t\t\t\t\t\t\t\t\t<\/ol>\n\n\t\t\t\t<div class=\"sow-slide-nav sow-slide-nav-next\">\n\t\t\t\t\t<a href=\"#\" data-goto=\"next\" aria-label=\"diapositive suivante\" data-action=\"next\">\n\t\t\t\t\t\t<em class=\"sow-sld-icon-thin-right\"><\/em>\n\t\t\t\t\t<\/a>\n\t\t\t\t<\/div>\n\n\t\t\t\t<div class=\"sow-slide-nav sow-slide-nav-prev\">\n\t\t\t\t\t<a href=\"#\" data-goto=\"previous\" aria-label=\"diapositive pr\u00e9c\u00e9dente\" data-action=\"prev\">\n\t\t\t\t\t\t<em class=\"sow-sld-icon-thin-left\"><\/em>\n\t\t\t\t\t<\/a>\n\t\t\t\t<\/div>\n\t\t\t\t<\/div><\/div><\/div><\/div><\/div><\/div><\/div><\/div>","protected":false},"excerpt":{"rendered":"<p>Vous \u00eates un futur bachelier int\u00e9ress\u00e9 par le multim\u00e9dia et l&rsquo;internet ? Venez aux portes ouvertes de l&rsquo;IUT ! C&rsquo;est l&rsquo;occasion de\u00a0mieux conna\u00eetre notre formation. Sur place, vous serez accueillis par les \u00e9tudiants eux-m\u00eames en formation qui assureront d\u00e9monstrations, animations, et ateliers. Vous aurez droit \u00e0 des exemples concrets de travaux r\u00e9alis\u00e9s par les \u00e9tudiants [&hellip;]<\/p>\n","protected":false},"author":1,"featured_media":0,"parent":0,"menu_order":0,"comment_status":"closed","ping_status":"closed","template":"","meta":[],"_links":{"self":[{"href":"https:\/\/www.stlo.unicaen.fr\/mmi\/wp-json\/wp\/v2\/pages\/1109"}],"collection":[{"href":"https:\/\/www.stlo.unicaen.fr\/mmi\/wp-json\/wp\/v2\/pages"}],"about":[{"href":"https:\/\/www.stlo.unicaen.fr\/mmi\/wp-json\/wp\/v2\/types\/page"}],"author":[{"embeddable":true,"href":"https:\/\/www.stlo.unicaen.fr\/mmi\/wp-json\/wp\/v2\/users\/1"}],"replies":[{"embeddable":true,"href":"https:\/\/www.stlo.unicaen.fr\/mmi\/wp-json\/wp\/v2\/comments?post=1109"}],"version-history":[{"count":29,"href":"https:\/\/www.stlo.unicaen.fr\/mmi\/wp-json\/wp\/v2\/pages\/1109\/revisions"}],"predecessor-version":[{"id":2471,"href":"https:\/\/www.stlo.unicaen.fr\/mmi\/wp-json\/wp\/v2\/pages\/1109\/revisions\/2471"}],"wp:attachment":[{"href":"https:\/\/www.stlo.unicaen.fr\/mmi\/wp-json\/wp\/v2\/media?parent=1109"}],"curies":[{"name":"wp","href":"https:\/\/api.w.org\/{rel}","templated":true}]}}