{"id":1111,"date":"2016-06-04T14:28:13","date_gmt":"2016-06-04T13:28:13","guid":{"rendered":"https:\/\/www.stlo.unicaen.fr\/mmi\/?page_id=1111"},"modified":"2020-11-27T17:40:42","modified_gmt":"2020-11-27T16:40:42","slug":"forums","status":"publish","type":"page","link":"https:\/\/www.stlo.unicaen.fr\/mmi\/forums\/","title":{"rendered":"Forums"},"content":{"rendered":"<div id=\"pl-1111\"  class=\"panel-layout\" ><div id=\"pg-1111-0\"  class=\"panel-grid panel-has-style\" ><div class=\"siteorigin-panels-stretch panel-row-style panel-row-style-for-1111-0\" style=\"color: #ffffff;padding: 15px 0; \" data-stretch-type=\"full-stretched\" data-hascolor=\"hascolor\" data-overlay=\"true\" ><div id=\"pgc-1111-0-0\"  class=\"panel-grid-cell\" ><div id=\"panel-1111-0-0-0\" class=\"so-panel widget widget_text panel-first-child panel-last-child\" data-index=\"0\" ><div style=\"text-align: left;\" data-title-color=\"#ffffff\" data-headings-color=\"#443f3f\" class=\"panel-widget-style panel-widget-style-for-1111-0-0-0\" ><h3 class=\"widget-title\">Rencontrez nous sur les forums de la r\u00e9gion bas-normande !<\/h3>\t\t\t<div class=\"textwidget\"><\/div>\n\t\t<\/div><\/div><\/div><\/div><\/div><div id=\"pg-1111-1\"  class=\"panel-grid panel-has-style\" ><div class=\"siteorigin-panels-stretch panel-row-style panel-row-style-for-1111-1\" style=\"padding: 15px 0; \" data-stretch-type=\"full-stretched\" data-overlay=\"true\" ><div id=\"pgc-1111-1-0\"  class=\"panel-grid-cell\" ><div id=\"panel-1111-1-0-0\" class=\"so-panel widget widget_sow-editor panel-first-child panel-last-child\" data-index=\"1\" ><div style=\"text-align: center;\" data-title-color=\"#443f3f\" data-headings-color=\"#443f3f\" class=\"panel-widget-style panel-widget-style-for-1111-1-0-0\" ><div class=\"so-widget-sow-editor so-widget-sow-editor-base\"><h3 class=\"widget-title\">Nous sommes pr\u00e9sents uniquement sur les forums suivants :<\/h3>\n<div class=\"siteorigin-widget-tinymce textwidget\">\n\t<ul style=\"text-align:center;list-style-type: none;\">\n<li>Rendez-vous du sup\u00e9rieur \u00e0 Saint-L\u00f4<\/li>\n<li>Salon de l'\u00e9tudiant - Caen<\/li>\n<\/ul>\n<p>Les \u00e9tudiants interviennent \u00e9galement ponctuellement dans les lyc\u00e9es dont ils sont originaires.<\/p>\n<\/div>\n<\/div><\/div><\/div><\/div><div id=\"pgc-1111-1-1\"  class=\"panel-grid-cell\" ><div id=\"panel-1111-1-1-0\" class=\"so-panel widget widget_sow-slider panel-first-child panel-last-child\" data-index=\"2\" ><div class=\"so-widget-sow-slider so-widget-sow-slider-default-abf3e628296a\"><div class=\"sow-slider-base \" style=\"display: none\"><ul class=\"sow-slider-images\" data-settings=\"{&quot;pagination&quot;:true,&quot;speed&quot;:800,&quot;timeout&quot;:2000,&quot;paused&quot;:false,&quot;pause_on_hover&quot;:false,&quot;swipe&quot;:true,&quot;nav_always_show_mobile&quot;:&quot;&quot;,&quot;breakpoint&quot;:&quot;780px&quot;}\">\t\t<li class=\"sow-slider-image  sow-slider-image-cover\" style=\"background-image: url(https:\/\/www.stlo.unicaen.fr\/mmi\/wp-content\/uploads\/2016\/06\/10351530_1042735505752019_570433257148820931_n.jpg)\" >\n\t\t\t\t\t\t\t\t\t<img width=\"960\" height=\"640\" src=\"https:\/\/www.stlo.unicaen.fr\/mmi\/wp-content\/uploads\/2016\/06\/10351530_1042735505752019_570433257148820931_n.jpg\" class=\"sow-slider-background-image\" alt=\"\" loading=\"1\" srcset=\"https:\/\/www.stlo.unicaen.fr\/mmi\/wp-content\/uploads\/2016\/06\/10351530_1042735505752019_570433257148820931_n.jpg 960w, https:\/\/www.stlo.unicaen.fr\/mmi\/wp-content\/uploads\/2016\/06\/10351530_1042735505752019_570433257148820931_n-300x200.jpg 300w, https:\/\/www.stlo.unicaen.fr\/mmi\/wp-content\/uploads\/2016\/06\/10351530_1042735505752019_570433257148820931_n-768x512.jpg 768w, https:\/\/www.stlo.unicaen.fr\/mmi\/wp-content\/uploads\/2016\/06\/10351530_1042735505752019_570433257148820931_n-830x553.jpg 830w, https:\/\/www.stlo.unicaen.fr\/mmi\/wp-content\/uploads\/2016\/06\/10351530_1042735505752019_570433257148820931_n-230x153.jpg 230w, https:\/\/www.stlo.unicaen.fr\/mmi\/wp-content\/uploads\/2016\/06\/10351530_1042735505752019_570433257148820931_n-350x233.jpg 350w, https:\/\/www.stlo.unicaen.fr\/mmi\/wp-content\/uploads\/2016\/06\/10351530_1042735505752019_570433257148820931_n-480x320.jpg 480w, https:\/\/www.stlo.unicaen.fr\/mmi\/wp-content\/uploads\/2016\/06\/10351530_1042735505752019_570433257148820931_n-272x182.jpg 272w\" sizes=\"(max-width: 960px) 100vw, 960px\" \/>\t\t\t\t\t\t\t\t<\/li>\n\t\t\t\t<li class=\"sow-slider-image  sow-slider-image-cover\" style=\"background-image: url(https:\/\/www.stlo.unicaen.fr\/mmi\/wp-content\/uploads\/2016\/06\/10857968_1042735729085330_7129777269404220111_n.jpg)\" >\n\t\t\t\t\t\t\t\t\t<img width=\"960\" height=\"640\" src=\"https:\/\/www.stlo.unicaen.fr\/mmi\/wp-content\/uploads\/2016\/06\/10857968_1042735729085330_7129777269404220111_n.jpg\" class=\"sow-slider-background-image\" alt=\"\" loading=\"1\" srcset=\"https:\/\/www.stlo.unicaen.fr\/mmi\/wp-content\/uploads\/2016\/06\/10857968_1042735729085330_7129777269404220111_n.jpg 960w, https:\/\/www.stlo.unicaen.fr\/mmi\/wp-content\/uploads\/2016\/06\/10857968_1042735729085330_7129777269404220111_n-300x200.jpg 300w, https:\/\/www.stlo.unicaen.fr\/mmi\/wp-content\/uploads\/2016\/06\/10857968_1042735729085330_7129777269404220111_n-768x512.jpg 768w, https:\/\/www.stlo.unicaen.fr\/mmi\/wp-content\/uploads\/2016\/06\/10857968_1042735729085330_7129777269404220111_n-830x553.jpg 830w, https:\/\/www.stlo.unicaen.fr\/mmi\/wp-content\/uploads\/2016\/06\/10857968_1042735729085330_7129777269404220111_n-230x153.jpg 230w, https:\/\/www.stlo.unicaen.fr\/mmi\/wp-content\/uploads\/2016\/06\/10857968_1042735729085330_7129777269404220111_n-350x233.jpg 350w, https:\/\/www.stlo.unicaen.fr\/mmi\/wp-content\/uploads\/2016\/06\/10857968_1042735729085330_7129777269404220111_n-480x320.jpg 480w, https:\/\/www.stlo.unicaen.fr\/mmi\/wp-content\/uploads\/2016\/06\/10857968_1042735729085330_7129777269404220111_n-272x182.jpg 272w\" sizes=\"(max-width: 960px) 100vw, 960px\" \/>\t\t\t\t\t\t\t\t<\/li>\n\t\t<\/ul>\t\t\t\t<ol class=\"sow-slider-pagination\">\n\t\t\t\t\t\t\t\t\t\t\t<li><a href=\"#\" data-goto=\"0\" aria-label=\"afficher la diapositive 1\"><\/a><\/li>\n\t\t\t\t\t\t\t\t\t\t\t<li><a href=\"#\" data-goto=\"1\" aria-label=\"afficher la diapositive 2\"><\/a><\/li>\n\t\t\t\t\t\t\t\t\t<\/ol>\n\n\t\t\t\t<div class=\"sow-slide-nav sow-slide-nav-next\">\n\t\t\t\t\t<a href=\"#\" data-goto=\"next\" aria-label=\"diapositive suivante\" data-action=\"next\">\n\t\t\t\t\t\t<em class=\"sow-sld-icon-thin-right\"><\/em>\n\t\t\t\t\t<\/a>\n\t\t\t\t<\/div>\n\n\t\t\t\t<div class=\"sow-slide-nav sow-slide-nav-prev\">\n\t\t\t\t\t<a href=\"#\" data-goto=\"previous\" aria-label=\"diapositive pr\u00e9c\u00e9dente\" data-action=\"prev\">\n\t\t\t\t\t\t<em class=\"sow-sld-icon-thin-left\"><\/em>\n\t\t\t\t\t<\/a>\n\t\t\t\t<\/div>\n\t\t\t\t<\/div><\/div><\/div><\/div><\/div><\/div><\/div>","protected":false},"excerpt":{"rendered":"<p>Rendez-vous du sup\u00e9rieur \u00e0 Saint-L\u00f4 Salon de l&rsquo;\u00e9tudiant &#8211; Caen Les \u00e9tudiants interviennent \u00e9galement ponctuellement dans les lyc\u00e9es dont ils sont originaires.<\/p>\n","protected":false},"author":1,"featured_media":0,"parent":0,"menu_order":0,"comment_status":"closed","ping_status":"closed","template":"","meta":[],"_links":{"self":[{"href":"https:\/\/www.stlo.unicaen.fr\/mmi\/wp-json\/wp\/v2\/pages\/1111"}],"collection":[{"href":"https:\/\/www.stlo.unicaen.fr\/mmi\/wp-json\/wp\/v2\/pages"}],"about":[{"href":"https:\/\/www.stlo.unicaen.fr\/mmi\/wp-json\/wp\/v2\/types\/page"}],"author":[{"embeddable":true,"href":"https:\/\/www.stlo.unicaen.fr\/mmi\/wp-json\/wp\/v2\/users\/1"}],"replies":[{"embeddable":true,"href":"https:\/\/www.stlo.unicaen.fr\/mmi\/wp-json\/wp\/v2\/comments?post=1111"}],"version-history":[{"count":27,"href":"https:\/\/www.stlo.unicaen.fr\/mmi\/wp-json\/wp\/v2\/pages\/1111\/revisions"}],"predecessor-version":[{"id":2274,"href":"https:\/\/www.stlo.unicaen.fr\/mmi\/wp-json\/wp\/v2\/pages\/1111\/revisions\/2274"}],"wp:attachment":[{"href":"https:\/\/www.stlo.unicaen.fr\/mmi\/wp-json\/wp\/v2\/media?parent=1111"}],"curies":[{"name":"wp","href":"https:\/\/api.w.org\/{rel}","templated":true}]}}