{"id":2035,"date":"2018-01-18T10:44:04","date_gmt":"2018-01-18T09:44:04","guid":{"rendered":"https:\/\/www.stlo.unicaen.fr\/mmi\/?page_id=2035"},"modified":"2019-09-03T11:27:02","modified_gmt":"2019-09-03T10:27:02","slug":"mmi-production","status":"publish","type":"page","link":"https:\/\/www.stlo.unicaen.fr\/mmi\/mmi-production\/","title":{"rendered":"MMI Production"},"content":{"rendered":"<div id=\"pl-2035\"  class=\"panel-layout\" ><div id=\"pg-2035-0\"  class=\"panel-grid panel-has-style\" ><div class=\"siteorigin-panels-stretch panel-row-style panel-row-style-for-2035-0\" style=\"color: #ffffff;padding: 15px 0; \" data-stretch-type=\"full-stretched\" data-hascolor=\"hascolor\" data-overlay=\"true\" data-overlay-color=\"#000000\" ><div id=\"pgc-2035-0-0\"  class=\"panel-grid-cell\" ><div id=\"panel-2035-0-0-0\" class=\"so-panel widget widget_text panel-first-child panel-last-child\" data-index=\"0\" ><div style=\"text-align: left;\" data-title-color=\"#ffffff\" data-headings-color=\"#443f3f\" class=\"panel-widget-style panel-widget-style-for-2035-0-0-0\" ><h3 class=\"widget-title\">L&rsquo;association MMI Production<\/h3>\t\t\t<div class=\"textwidget\"><\/div>\n\t\t<\/div><\/div><\/div><\/div><\/div><div id=\"pg-2035-1\"  class=\"panel-grid panel-has-style\" ><div style=\"padding: 100px 0; \" data-overlay=\"true\" data-overlay-color=\"#000000\" class=\"panel-row-style panel-row-style-for-2035-1\" ><div id=\"pgc-2035-1-0\"  class=\"panel-grid-cell\" ><div id=\"panel-2035-1-0-0\" class=\"so-panel widget widget_sow-editor panel-first-child panel-last-child\" data-index=\"1\" ><div style=\"text-align: left;\" data-title-color=\"#443f3f\" data-headings-color=\"#443f3f\" class=\"panel-widget-style panel-widget-style-for-2035-1-0-0\" ><div class=\"so-widget-sow-editor so-widget-sow-editor-base\">\n<div class=\"siteorigin-widget-tinymce textwidget\">\n\t<p>L'association MMI Production a pour objectif de soutenir et promouvoir les actions men\u00e9es par les \u00e9tudiants du d\u00e9partement M\u00e9tiers du Multim\u00e9dia et de l\u2019Internet de l\u2019IUT Grand Ouest Normandie Site de Saint-L\u00f4 dans le cadre de leur formation.<\/p>\n<p>L'association se compose :<\/p>\n<ul>\n<li>de membres de droit que sont tous les \u00e9tudiants inscrits dans le d\u00e9partement MMI de l\u2019IUT Grand Ouest Normandie site de Saint-L\u00f4 pour l\u2019ann\u00e9e universitaire en cours et tous les personnels et enseignants titulaires rattach\u00e9s au d\u00e9partement MMI de l\u2019IUT Grand Ouest Normandie site de Saint-L\u00f4.<\/li>\n<li>de membres actifs, personnes physiques ou morales, appel\u00e9es \u00e0 participer par le conseil d'administration et agr\u00e9\u00e9s par celui-ci.<\/li>\n<li>de membres bienfaiteurs, personnes physiques ou morales qui auront vers\u00e9 une cotisation annuelle<\/li>\n<\/ul>\n<\/div>\n<\/div><\/div><\/div><\/div><div id=\"pgc-2035-1-1\"  class=\"panel-grid-cell\" ><div id=\"panel-2035-1-1-0\" class=\"so-panel widget widget_sow-image panel-first-child panel-last-child\" data-index=\"2\" ><div style=\"text-align: left;\" data-title-color=\"#443f3f\" data-headings-color=\"#443f3f\" class=\"panel-widget-style panel-widget-style-for-2035-1-1-0\" ><div class=\"so-widget-sow-image so-widget-sow-image-default-d6014b76747a\">\n\n<div class=\"sow-image-container\">\n\t<img src=\"https:\/\/www.stlo.unicaen.fr\/mmi\/wp-content\/uploads\/2018\/01\/mmiprod.png\" width=\"1308\" height=\"879\" srcset=\"https:\/\/www.stlo.unicaen.fr\/mmi\/wp-content\/uploads\/2018\/01\/mmiprod.png 1308w, https:\/\/www.stlo.unicaen.fr\/mmi\/wp-content\/uploads\/2018\/01\/mmiprod-300x202.png 300w, https:\/\/www.stlo.unicaen.fr\/mmi\/wp-content\/uploads\/2018\/01\/mmiprod-768x516.png 768w, https:\/\/www.stlo.unicaen.fr\/mmi\/wp-content\/uploads\/2018\/01\/mmiprod-1024x688.png 1024w, https:\/\/www.stlo.unicaen.fr\/mmi\/wp-content\/uploads\/2018\/01\/mmiprod-830x558.png 830w, https:\/\/www.stlo.unicaen.fr\/mmi\/wp-content\/uploads\/2018\/01\/mmiprod-230x155.png 230w, https:\/\/www.stlo.unicaen.fr\/mmi\/wp-content\/uploads\/2018\/01\/mmiprod-350x235.png 350w, https:\/\/www.stlo.unicaen.fr\/mmi\/wp-content\/uploads\/2018\/01\/mmiprod-480x323.png 480w, https:\/\/www.stlo.unicaen.fr\/mmi\/wp-content\/uploads\/2018\/01\/mmiprod-272x182.png 272w\" sizes=\"(max-width: 1308px) 100vw, 1308px\" alt=\"\" \t\tclass=\"so-widget-image\"\/>\n<\/div>\n\n<\/div><\/div><\/div><\/div><\/div><\/div><\/div>","protected":false},"excerpt":{"rendered":"<p>L&rsquo;association MMI Production a pour objectif de soutenir et promouvoir les actions men\u00e9es par les \u00e9tudiants du d\u00e9partement M\u00e9tiers du Multim\u00e9dia et de l\u2019Internet de l\u2019IUT Grand Ouest Normandie Site de Saint-L\u00f4 dans le cadre de leur formation. L&rsquo;association se compose : de membres de droit que sont tous les \u00e9tudiants inscrits dans le d\u00e9partement [&hellip;]<\/p>\n","protected":false},"author":1,"featured_media":0,"parent":0,"menu_order":0,"comment_status":"closed","ping_status":"closed","template":"page-templates\/page_fullwidth.php","meta":[],"_links":{"self":[{"href":"https:\/\/www.stlo.unicaen.fr\/mmi\/wp-json\/wp\/v2\/pages\/2035"}],"collection":[{"href":"https:\/\/www.stlo.unicaen.fr\/mmi\/wp-json\/wp\/v2\/pages"}],"about":[{"href":"https:\/\/www.stlo.unicaen.fr\/mmi\/wp-json\/wp\/v2\/types\/page"}],"author":[{"embeddable":true,"href":"https:\/\/www.stlo.unicaen.fr\/mmi\/wp-json\/wp\/v2\/users\/1"}],"replies":[{"embeddable":true,"href":"https:\/\/www.stlo.unicaen.fr\/mmi\/wp-json\/wp\/v2\/comments?post=2035"}],"version-history":[{"count":16,"href":"https:\/\/www.stlo.unicaen.fr\/mmi\/wp-json\/wp\/v2\/pages\/2035\/revisions"}],"predecessor-version":[{"id":2182,"href":"https:\/\/www.stlo.unicaen.fr\/mmi\/wp-json\/wp\/v2\/pages\/2035\/revisions\/2182"}],"wp:attachment":[{"href":"https:\/\/www.stlo.unicaen.fr\/mmi\/wp-json\/wp\/v2\/media?parent=2035"}],"curies":[{"name":"wp","href":"https:\/\/api.w.org\/{rel}","templated":true}]}}