{"id":2210,"date":"2020-11-25T13:38:27","date_gmt":"2020-11-25T12:38:27","guid":{"rendered":"https:\/\/www.stlo.unicaen.fr\/mmi\/?page_id=2210"},"modified":"2020-11-25T13:38:27","modified_gmt":"2020-11-25T12:38:27","slug":"le-but-mmi","status":"publish","type":"page","link":"https:\/\/www.stlo.unicaen.fr\/mmi\/le-but-mmi\/","title":{"rendered":"Le BUT MMI"},"content":{"rendered":"<div id=\"pl-2210\"  class=\"panel-layout\" ><div id=\"pg-2210-0\"  class=\"panel-grid panel-has-style\" ><div style=\"padding: 100px 0; \" data-overlay=\"true\" class=\"panel-row-style panel-row-style-for-2210-0\" ><div id=\"pgc-2210-0-0\"  class=\"panel-grid-cell\" ><div id=\"panel-2210-0-0-0\" class=\"so-panel widget widget_text panel-first-child\" data-index=\"0\" ><div style=\"text-align: left;\" data-title-color=\"#443f3f\" data-headings-color=\"#443f3f\" class=\"panel-widget-style panel-widget-style-for-2210-0-0-0\" >\t\t\t<div class=\"textwidget\"><p>L\u2019offre de formation des IUT \u00e9volue : le Bachelor Universitaire de Technologie (B.U.T.) devient le nouveau dipl\u00f4me de r\u00e9f\u00e9rence des IUT !<\/p>\n<p>1\u00e8re ann\u00e9e du BUT: septembre 2021.<\/p>\n<\/div>\n\t\t<\/div><\/div><div id=\"panel-2210-0-0-1\" class=\"so-panel widget widget_sow-editor panel-last-child\" data-index=\"1\" ><div style=\"text-align: left;\" data-title-color=\"#443f3f\" data-headings-color=\"#443f3f\" class=\"panel-widget-style panel-widget-style-for-2210-0-0-1\" ><div class=\"so-widget-sow-editor so-widget-sow-editor-base\">\n<div class=\"siteorigin-widget-tinymce textwidget\">\n\t<p><iframe title=\"Le Bachelor Universitaire de Technologie : Nouveau dipl\u00f4me rentr\u00e9e 2021\" width=\"1170\" height=\"658\" src=\"https:\/\/www.youtube.com\/embed\/Sd49x0PiBes?feature=oembed\" frameborder=\"0\" allow=\"accelerometer; autoplay; clipboard-write; encrypted-media; gyroscope; picture-in-picture\" allowfullscreen><\/iframe><\/p>\n<\/div>\n<\/div><\/div><\/div><\/div><\/div><\/div><\/div>","protected":false},"excerpt":{"rendered":"<p>L\u2019offre de formation des IUT \u00e9volue : le Bachelor Universitaire de Technologie (B.U.T.) devient le nouveau dipl\u00f4me de r\u00e9f\u00e9rence des IUT ! 1\u00e8re ann\u00e9e du BUT: septembre 2021.<\/p>\n","protected":false},"author":1,"featured_media":0,"parent":0,"menu_order":0,"comment_status":"closed","ping_status":"closed","template":"","meta":[],"_links":{"self":[{"href":"https:\/\/www.stlo.unicaen.fr\/mmi\/wp-json\/wp\/v2\/pages\/2210"}],"collection":[{"href":"https:\/\/www.stlo.unicaen.fr\/mmi\/wp-json\/wp\/v2\/pages"}],"about":[{"href":"https:\/\/www.stlo.unicaen.fr\/mmi\/wp-json\/wp\/v2\/types\/page"}],"author":[{"embeddable":true,"href":"https:\/\/www.stlo.unicaen.fr\/mmi\/wp-json\/wp\/v2\/users\/1"}],"replies":[{"embeddable":true,"href":"https:\/\/www.stlo.unicaen.fr\/mmi\/wp-json\/wp\/v2\/comments?post=2210"}],"version-history":[{"count":1,"href":"https:\/\/www.stlo.unicaen.fr\/mmi\/wp-json\/wp\/v2\/pages\/2210\/revisions"}],"predecessor-version":[{"id":2213,"href":"https:\/\/www.stlo.unicaen.fr\/mmi\/wp-json\/wp\/v2\/pages\/2210\/revisions\/2213"}],"wp:attachment":[{"href":"https:\/\/www.stlo.unicaen.fr\/mmi\/wp-json\/wp\/v2\/media?parent=2210"}],"curies":[{"name":"wp","href":"https:\/\/api.w.org\/{rel}","templated":true}]}}